{"id":2440,"date":"2025-04-13T11:09:03","date_gmt":"2025-04-13T09:09:03","guid":{"rendered":"https:\/\/hotelisolaverde.com\/pizza-view\/"},"modified":"2026-04-04T15:42:26","modified_gmt":"2026-04-04T13:42:26","slug":"pizza-view","status":"publish","type":"page","link":"https:\/\/hotelisolaverde.com\/de\/pizza-view\/","title":{"rendered":"Pizza &#038; View"},"content":{"rendered":"<section class=\"l-section wpb_row us_custom_4f2166d9 height_medium\"><div class=\"l-section-h i-cf\"><div class=\"g-cols vc_row via_flex valign_top type_default stacking_default\"><div class=\"vc_col-sm-12 wpb_column vc_column_container\"><div class=\"vc_column-inner\"><div class=\"wpb_wrapper\"><div class=\"w-html\"><div class=\"page-pizza\">\r\n  <div class=\"pizza-hero-inner\">\r\n    <span class=\"pizza-tag-sm\">Nur in der Sommersaison \u00b7 April\u2013Oktober<\/span>\r\n    <h1>Pizza & View<\/h1>\r\n    <div class=\"pizza-hero-line\"><\/div><br>    <h2>Genie\u00dfen Sie etwas zu essen in entspannter Atmosph\u00e4re \u2013 mit dem sch\u00f6nsten Blick auf den Gardasee<\/h2><br>  <\/div><br><\/div><\/div><\/div><\/div><\/div><\/div><\/div><\/section><section class=\"l-section wpb_row height_medium full_height valign_center\"><div class=\"l-section-h i-cf\"><div class=\"g-cols vc_row via_flex valign_top type_default stacking_default\"><div class=\"vc_col-sm-12 wpb_column vc_column_container stretched\"><div class=\"vc_column-inner\"><div class=\"wpb_wrapper\"><div class=\"w-html\"><!-- \u2550\u2550\u2550\u2550\u2550\u2550\u2550\u2550\u2550\u2550\u2550\u2550\u2550\u2550\u2550\u2550\u2550\u2550\u2550\u2550\u2550\u2550\u2550\u2550\u2550\u2550\u2550\u2550\u2550\u2550\u2550\u2550\u2550\u2550\u2550\u2550\u2550\u2550\n     HOTEL ISOLA VERDE \u2014 Pizza & View\n     HTML in den WordPress-Editor einf\u00fcgen\n     NACH dem H1 + H2-Block von Impreza\n     CSS ist separat in pizzaview.css\n\u2550\u2550\u2550\u2550\u2550\u2550\u2550\u2550\u2550\u2550\u2550\u2550\u2550\u2550\u2550\u2550\u2550\u2550\u2550\u2550\u2550\u2550\u2550\u2550\u2550\u2550\u2550\u2550\u2550\u2550\u2550\u2550\u2550\u2550\u2550\u2550\u2550\u2550 -->\n\n<div class=\"page-pizza\">\n\n  <!-- SPLIT \u2014 Foto + Text -->\n  <div class=\"pizza-split-section\">\n    <div class=\"pizza-split-image\">\n      <img decoding=\"async\" src=\"https:\/\/hotelisolaverde.com\/wp-content\/uploads\/2026\/03\/pizza-lake-view.png\" alt=\"Pizza & View Hotel Isola Verde\">\n    <\/div>\n    <div class=\"pizza-split-text\">\n      <span class=\"pizza-tag-sm\">Unsere Pizzeria<\/span>\n      <h2>Eine Pizza, ein Drink<br><strong>und der Gardasee direkt vor Ihnen<\/strong><\/h2>\n      <p>Willkommen in unserer Pizzeria: die perfekte L\u00f6sung, um eine qualit\u00e4tsvolle Pizza zu genie\u00dfen, ohne nach einem langen Tag das Auto nehmen oder sich weit fortbewegen zu m\u00fcssen.<\/p>\n      <p>Wir bieten eine gro\u00dfe Auswahl an <strong>Pizzen, warmen Sandwiches und frischen Salaten<\/strong>, erh\u00e4ltlich von April bis Oktober.<\/p>\n      <p>Begleiten Sie Ihr Essen mit unseren <strong>erfrischenden Drinks<\/strong>, einer Auswahl an <strong>lokalen Weinen<\/strong> oder einem eiskalten <strong>Bier<\/strong>. Wir freuen uns auf Sie!<\/p>\n      <a href=\"https:\/\/hotelisolaverde.com\/wp-content\/uploads\/2026\/03\/MENU-NUOVO-2026-BIANCO-E-NERO.pdf\" class=\"pizza-btn-menu\" target=\"_blank\">\n        \ud83d\udcc4 Men\u00fc ansehen\n      <\/a>\n    <\/div>\n  <\/div>\n\n  <!-- FEATURE STRIP \u2014 4 Highlights -->\n  <div class=\"pizza-features-strip\">\n    <div class=\"pizza-features-grid\">\n      <div class=\"pizza-feature-item\">\n        <div class=\"pizza-feature-icon\">\ud83c\udf55<\/div>\n        <h4>Qualit\u00e4tspizzen<\/h4>\n        <p>Sorgf\u00e4ltig zubereiteter Teig und ausgew\u00e4hlte Zutaten f\u00fcr jede Pizza<\/p>\n      <\/div>\n      <div class=\"pizza-feature-item\">\n        <div class=\"pizza-feature-icon\">\ud83e\udd57<\/div>\n        <h4>Aperitifs und Salate<\/h4>\n        <p>Aperitifs und frische Salate f\u00fcr alle, die es leichter m\u00f6gen<\/p>\n      <\/div>\n      <div class=\"pizza-feature-item\">\n        <div class=\"pizza-feature-icon\">\ud83c\udf77<\/div>\n        <h4>Drinks, Weine und Biere<\/h4>\n        <p>Auswahl lokaler Weine, kalter Biere und erfrischender Drinks<\/p>\n      <\/div>\n      <div class=\"pizza-feature-item\">\n        <div class=\"pizza-feature-icon\">\ud83c\udf05<\/div>\n        <h4>Atemberaubender Seeblick<\/h4>\n        <p>Das Gardasee-Panorama begleitet jede Mahlzeit, ab Sonnenuntergang<\/p>\n      <\/div>\n    <\/div>\n  <\/div>\n\n  <!-- ABSCHLIESSENDER CTA dark -->\n  <section class=\"pizza-cta-section\">\n    <div class=\"pizza-cta-inner\">\n      <span class=\"pizza-tag-cta\">Ge\u00f6ffnet von April bis Oktober<\/span>\n      <h2>Bereits im Hotel?<br><strong>Ihr Abend ist schon bereit.<\/strong><\/h2>\n      <p>Kein Auto, kein Stress. Eine Pizza mit Seeblick wartet auf Sie \u2014 nur wenige Schritte von Ihrem Zimmer entfernt.<\/p>\n      <div class=\"pizza-cta-buttons\">\n        <a href=\"https:\/\/hotelisolaverde.com\/wp-content\/uploads\/2026\/03\/MENU-NUOVO-2026-BIANCO-E-NERO.pdf\" class=\"pizza-btn-primary\" target=\"_blank\">\ud83d\udcc4 Men\u00fc ansehen<\/a>\n        <a href=\"https:\/\/hotelisolaverde.bookpage.io\/de\" class=\"pizza-btn-secondary\">Aufenthalt buchen<\/a>\n      <\/div>\n    <\/div>\n  <\/section>\n\n<\/div><!-- \/page-pizza --><\/div><\/div><\/div><\/div><\/div><\/div><\/section>\n","protected":false},"excerpt":{"rendered":"Nur in der Sommersaison \u00b7 April\u2013Oktober Pizza & View Genie\u00dfen Sie etwas zu essen in entspannter Atmosph\u00e4re \u2013 mit dem sch\u00f6nsten Blick auf den Gardasee Unsere Pizzeria Eine Pizza, ein Drinkund der Gardasee direkt vor Ihnen Willkommen in unserer Pizzeria: die perfekte L\u00f6sung, um eine qualit\u00e4tsvolle Pizza zu genie\u00dfen, ohne nach einem langen Tag das...","protected":false},"author":2,"featured_media":0,"parent":0,"menu_order":0,"comment_status":"closed","ping_status":"closed","template":"","meta":{"_acf_changed":false,"inline_featured_image":false,"_joinchat":[],"footnotes":""},"class_list":["post-2440","page","type-page","status-publish","hentry"],"acf":[],"yoast_head":"<!-- This site is optimized with the Yoast SEO plugin v25.4 - https:\/\/yoast.com\/wordpress\/plugins\/seo\/ -->\n<title>Pizza &amp; View - Hotel Isola Verde<\/title>\n<meta name=\"robots\" content=\"index, follow, max-snippet:-1, max-image-preview:large, max-video-preview:-1\" \/>\n<link rel=\"canonical\" href=\"https:\/\/hotelisolaverde.com\/en\/pizza-view\/\" \/>\n<meta property=\"og:locale\" content=\"de_DE\" \/>\n<meta property=\"og:type\" content=\"article\" \/>\n<meta property=\"og:title\" content=\"Pizza &amp; View - Hotel Isola Verde\" \/>\n<meta property=\"og:url\" content=\"https:\/\/hotelisolaverde.com\/en\/pizza-view\/\" \/>\n<meta property=\"og:site_name\" content=\"Hotel Isola Verde\" \/>\n<meta property=\"article:modified_time\" content=\"2026-04-04T13:42:26+00:00\" \/>\n<meta name=\"twitter:card\" content=\"summary_large_image\" \/>\n<meta name=\"twitter:label1\" content=\"Gesch\u00e4tzte Lesezeit\" \/>\n\t<meta name=\"twitter:data1\" content=\"2\u00a0Minuten\" \/>\n<script type=\"application\/ld+json\" class=\"yoast-schema-graph\">{\"@context\":\"https:\/\/schema.org\",\"@graph\":[{\"@type\":\"WebPage\",\"@id\":\"https:\/\/hotelisolaverde.com\/en\/pizza-view\/\",\"url\":\"https:\/\/hotelisolaverde.com\/en\/pizza-view\/\",\"name\":\"Pizza & View - Hotel Isola Verde\",\"isPartOf\":{\"@id\":\"https:\/\/hotelisolaverde.com\/#website\"},\"datePublished\":\"2025-04-13T09:09:03+00:00\",\"dateModified\":\"2026-04-04T13:42:26+00:00\",\"breadcrumb\":{\"@id\":\"https:\/\/hotelisolaverde.com\/en\/pizza-view\/#breadcrumb\"},\"inLanguage\":\"de\",\"potentialAction\":[{\"@type\":\"ReadAction\",\"target\":[\"https:\/\/hotelisolaverde.com\/en\/pizza-view\/\"]}]},{\"@type\":\"BreadcrumbList\",\"@id\":\"https:\/\/hotelisolaverde.com\/en\/pizza-view\/#breadcrumb\",\"itemListElement\":[{\"@type\":\"ListItem\",\"position\":1,\"name\":\"Home\",\"item\":\"https:\/\/hotelisolaverde.com\/\"},{\"@type\":\"ListItem\",\"position\":2,\"name\":\"Pizza &#038; View\"}]},{\"@type\":\"WebSite\",\"@id\":\"https:\/\/hotelisolaverde.com\/#website\",\"url\":\"https:\/\/hotelisolaverde.com\/\",\"name\":\"Hotel Isola Verde\",\"description\":\"Hotel Isola Verde\",\"potentialAction\":[{\"@type\":\"SearchAction\",\"target\":{\"@type\":\"EntryPoint\",\"urlTemplate\":\"https:\/\/hotelisolaverde.com\/?s={search_term_string}\"},\"query-input\":{\"@type\":\"PropertyValueSpecification\",\"valueRequired\":true,\"valueName\":\"search_term_string\"}}],\"inLanguage\":\"de\"}]}<\/script>\n<!-- \/ Yoast SEO plugin. -->","yoast_head_json":{"title":"Pizza & View - Hotel Isola Verde","robots":{"index":"index","follow":"follow","max-snippet":"max-snippet:-1","max-image-preview":"max-image-preview:large","max-video-preview":"max-video-preview:-1"},"canonical":"https:\/\/hotelisolaverde.com\/en\/pizza-view\/","og_locale":"de_DE","og_type":"article","og_title":"Pizza & View - Hotel Isola Verde","og_url":"https:\/\/hotelisolaverde.com\/en\/pizza-view\/","og_site_name":"Hotel Isola Verde","article_modified_time":"2026-04-04T13:42:26+00:00","twitter_card":"summary_large_image","twitter_misc":{"Gesch\u00e4tzte Lesezeit":"2\u00a0Minuten"},"schema":{"@context":"https:\/\/schema.org","@graph":[{"@type":"WebPage","@id":"https:\/\/hotelisolaverde.com\/en\/pizza-view\/","url":"https:\/\/hotelisolaverde.com\/en\/pizza-view\/","name":"Pizza & View - Hotel Isola Verde","isPartOf":{"@id":"https:\/\/hotelisolaverde.com\/#website"},"datePublished":"2025-04-13T09:09:03+00:00","dateModified":"2026-04-04T13:42:26+00:00","breadcrumb":{"@id":"https:\/\/hotelisolaverde.com\/en\/pizza-view\/#breadcrumb"},"inLanguage":"de","potentialAction":[{"@type":"ReadAction","target":["https:\/\/hotelisolaverde.com\/en\/pizza-view\/"]}]},{"@type":"BreadcrumbList","@id":"https:\/\/hotelisolaverde.com\/en\/pizza-view\/#breadcrumb","itemListElement":[{"@type":"ListItem","position":1,"name":"Home","item":"https:\/\/hotelisolaverde.com\/"},{"@type":"ListItem","position":2,"name":"Pizza &#038; View"}]},{"@type":"WebSite","@id":"https:\/\/hotelisolaverde.com\/#website","url":"https:\/\/hotelisolaverde.com\/","name":"Hotel Isola Verde","description":"Hotel Isola Verde","potentialAction":[{"@type":"SearchAction","target":{"@type":"EntryPoint","urlTemplate":"https:\/\/hotelisolaverde.com\/?s={search_term_string}"},"query-input":{"@type":"PropertyValueSpecification","valueRequired":true,"valueName":"search_term_string"}}],"inLanguage":"de"}]}},"_links":{"self":[{"href":"https:\/\/hotelisolaverde.com\/de\/wp-json\/wp\/v2\/pages\/2440","targetHints":{"allow":["GET"]}}],"collection":[{"href":"https:\/\/hotelisolaverde.com\/de\/wp-json\/wp\/v2\/pages"}],"about":[{"href":"https:\/\/hotelisolaverde.com\/de\/wp-json\/wp\/v2\/types\/page"}],"author":[{"embeddable":true,"href":"https:\/\/hotelisolaverde.com\/de\/wp-json\/wp\/v2\/users\/2"}],"replies":[{"embeddable":true,"href":"https:\/\/hotelisolaverde.com\/de\/wp-json\/wp\/v2\/comments?post=2440"}],"version-history":[{"count":6,"href":"https:\/\/hotelisolaverde.com\/de\/wp-json\/wp\/v2\/pages\/2440\/revisions"}],"predecessor-version":[{"id":5472,"href":"https:\/\/hotelisolaverde.com\/de\/wp-json\/wp\/v2\/pages\/2440\/revisions\/5472"}],"wp:attachment":[{"href":"https:\/\/hotelisolaverde.com\/de\/wp-json\/wp\/v2\/media?parent=2440"}],"curies":[{"name":"wp","href":"https:\/\/api.w.org\/{rel}","templated":true}]}}