{"id":2588,"date":"2025-09-20T16:41:00","date_gmt":"2025-09-20T14:41:00","guid":{"rendered":"https:\/\/hotelisolaverde.com\/neujahr\/"},"modified":"2025-09-20T17:42:56","modified_gmt":"2025-09-20T15:42:56","slug":"neujahr","status":"publish","type":"page","link":"https:\/\/hotelisolaverde.com\/de\/neujahr\/","title":{"rendered":"Neujahr"},"content":{"rendered":"<section class=\"l-section wpb_row height_huge with_img\"><div class=\"l-section-img\" role=\"img\" data-img-width=\"2560\" data-img-height=\"1917\" style=\"background-image: url(https:\/\/hotelisolaverde.com\/wp-content\/uploads\/2025\/09\/2023_APTGARDADOLOMITI_ph_CARIOGGIA_Riva_notedifuochi_DJI_20230923213642_0047_D-1-scaled.jpg);background-position: center left;\"><\/div><div class=\"l-section-h i-cf\"><div class=\"g-cols vc_row via_flex valign_top type_default stacking_default\"><div class=\"vc_col-sm-12 wpb_column vc_column_container\"><div class=\"vc_column-inner\"><div class=\"wpb_wrapper\"><\/div><\/div><\/div><\/div><\/div><\/section><section class=\"l-section wpb_row us_custom_19737bc8 height_medium\"><div class=\"l-section-h i-cf\"><div class=\"g-cols vc_row via_flex valign_top type_default stacking_default\"><div class=\"vc_col-sm-12 wpb_column vc_column_container has_text_color\"><div class=\"vc_column-inner us_custom_b9367a96\"><div class=\"wpb_wrapper\"><h1 class=\"w-text us_custom_14b02d9c has_text_color\"><span class=\"w-text-h\"><span class=\"w-text-value\">Silvester im Hotel Isola Verde<\/span><\/span><\/h1><div class=\"wpb_text_column us_custom_0259209c has_text_color\"><div class=\"wpb_wrapper\"><h4>Feiern Sie Silvester am Gardasee im Hotel Isola Verde in Nago-Torbole.<\/h4>\n<\/div><\/div><div class=\"w-btn-wrapper align_none\"><a class=\"w-btn us-btn-style_3\" target=\"_blank\" href=\"https:\/\/hotelisolaverde.bookpage.io\/de\"><span class=\"w-btn-label\">Jetzt buchen<\/span><\/a><\/div><div class=\"wpb_text_column us_custom_e4ba14ad has_text_color\"><div class=\"wpb_wrapper\"><p data-start=\"173\" data-end=\"342\">Wie jedes Jahr organisieren wir auch dieses Silvester <strong>kein Abendessen im Hotel<\/strong> (da wir kein eigenes Restaurant haben), aber wir m\u00f6chten trotzdem mit Ihnen feiern!<\/p>\n<\/p>\n<p data-start=\"730\" data-end=\"960\">Wenn Sie nach einem Ort suchen, um <strong>Silvester<\/strong> am Gardasee zu verbringen, ist unser Hotel in <strong>Nago-Torbole<\/strong>, nur wenige Minuten von <strong>Riva del Garda<\/strong> entfernt, der ideale Ort f\u00fcr einen Aufenthalt mit herrlicher Aussicht und Entspannung.<\/p>\n<\/div><\/div><\/div><\/div><\/div><\/div><\/div><\/section><section class=\"l-section wpb_row height_medium\"><div class=\"l-section-h i-cf\"><div class=\"g-cols vc_row via_flex valign_top type_default stacking_default\"><div class=\"vc_col-sm-12 wpb_column vc_column_container\"><div class=\"vc_column-inner\"><div class=\"wpb_wrapper\"><div class=\"g-cols wpb_row via_flex valign_top type_default stacking_default\"><div class=\"vc_col-sm-6 wpb_column vc_column_container\"><div class=\"vc_column-inner\"><div class=\"wpb_wrapper\"><h5 class=\"w-text\"><span class=\"w-text-h\"><span class=\"w-text-value\">\ud83d\udcc5 Wann &#038; Wo<\/span><\/span><\/h5><div class=\"wpb_text_column\"><div class=\"wpb_wrapper\"><ul>\n<li><strong>31 Dezember<\/strong><\/li>\n<li><span> Ab ca. <strong>17:00 Uhr<\/strong><\/span><\/li>\n<li>Bar mit <strong>Seeblick<\/strong>.<\/li>\n<\/ul>\n<\/div><\/div><\/div><\/div><\/div><div class=\"vc_col-sm-6 wpb_column vc_column_container\"><div class=\"vc_column-inner\"><div class=\"wpb_wrapper\"><h5 class=\"w-text\"><span class=\"w-text-h\"><span class=\"w-text-value\">\ud83e\udd42 Was erwartet Sie?<\/span><\/span><\/h5><div class=\"wpb_text_column\"><div class=\"wpb_wrapper\"><ul>\n<li>Ansto\u00dfen mit <strong>Sekt<\/strong><\/li>\n<li><strong>finger food<\/strong><span>\u00a0<\/span><\/li>\n<li>Gem\u00fctliche Atmosph\u00e4re und <strong>Seeblick<\/strong><\/li>\n<\/ul>\n<\/div><\/div><\/div><\/div><\/div><\/div><\/div><\/div><\/div><\/div><\/div><\/section><section class=\"l-section wpb_row us_custom_14e19a50 box-winter height_medium\"><div class=\"l-section-h i-cf\"><div class=\"g-cols vc_row via_flex valign_top type_default stacking_default\"><div class=\"vc_col-sm-12 wpb_column vc_column_container box-winter\"><div class=\"vc_column-inner us_custom_b4508bc8\"><div class=\"wpb_wrapper\"><div class=\"wpb_text_column\"><div class=\"wpb_wrapper\"><h5>\u2744\ufe0fUnd wenn Sie noch nicht wissen, was Sie im Winter unternehmen sollen&#8230; nun, hier ist die Antwort!<\/h5>\n<p>Wir haben f\u00fcr Sie die besten Erlebnisse am Gardasee im Winter zusammengestellt: Weihnachtsm\u00e4rkte, Panoramaspazierg\u00e4nge und Aktivit\u00e4ten in der Umgebung.<\/p>\n<\/div><\/div><div class=\"w-btn-wrapper align_center\"><a class=\"w-btn us-btn-style_5 us_custom_9cf479d2 box-winter\" target=\"_blank\" href=\"https:\/\/www.gardatrentino.it\/de\/entdecken\/was-mache-ich-im\/winter\"><span class=\"w-btn-label\">Klick mich<\/span><\/a><\/div><\/div><\/div><\/div><\/div><\/div><\/section>\n","protected":false},"excerpt":{"rendered":"Silvester im Hotel Isola VerdeFeiern Sie Silvester am Gardasee im Hotel Isola Verde in Nago-Torbole. Jetzt buchenWie jedes Jahr organisieren wir auch dieses Silvester kein Abendessen im Hotel (da wir kein eigenes Restaurant haben), aber wir m\u00f6chten trotzdem mit Ihnen feiern! Wenn Sie nach einem Ort suchen, um Silvester am Gardasee zu verbringen, ist unser...","protected":false},"author":2,"featured_media":0,"parent":0,"menu_order":0,"comment_status":"closed","ping_status":"closed","template":"","meta":{"_acf_changed":false,"inline_featured_image":false,"_joinchat":[],"footnotes":""},"class_list":["post-2588","page","type-page","status-publish","hentry"],"acf":[],"yoast_head":"<!-- This site is optimized with the Yoast SEO plugin v25.4 - https:\/\/yoast.com\/wordpress\/plugins\/seo\/ -->\n<title>Neujahr - Hotel Isola Verde<\/title>\n<meta name=\"robots\" content=\"index, follow, max-snippet:-1, max-image-preview:large, max-video-preview:-1\" \/>\n<link rel=\"canonical\" href=\"https:\/\/hotelisolaverde.com\/capodanno\/\" \/>\n<meta property=\"og:locale\" content=\"de_DE\" \/>\n<meta property=\"og:type\" content=\"article\" \/>\n<meta property=\"og:title\" content=\"Neujahr - Hotel Isola Verde\" \/>\n<meta property=\"og:url\" content=\"https:\/\/hotelisolaverde.com\/capodanno\/\" \/>\n<meta property=\"og:site_name\" content=\"Hotel Isola Verde\" \/>\n<meta property=\"article:modified_time\" content=\"2025-09-20T15:42:56+00:00\" \/>\n<meta name=\"twitter:card\" content=\"summary_large_image\" \/>\n<meta name=\"twitter:label1\" content=\"Gesch\u00e4tzte Lesezeit\" \/>\n\t<meta name=\"twitter:data1\" content=\"2\u00a0Minuten\" \/>\n<script type=\"application\/ld+json\" class=\"yoast-schema-graph\">{\"@context\":\"https:\/\/schema.org\",\"@graph\":[{\"@type\":\"WebPage\",\"@id\":\"https:\/\/hotelisolaverde.com\/capodanno\/\",\"url\":\"https:\/\/hotelisolaverde.com\/capodanno\/\",\"name\":\"Neujahr - Hotel Isola Verde\",\"isPartOf\":{\"@id\":\"https:\/\/hotelisolaverde.com\/#website\"},\"datePublished\":\"2025-09-20T14:41:00+00:00\",\"dateModified\":\"2025-09-20T15:42:56+00:00\",\"breadcrumb\":{\"@id\":\"https:\/\/hotelisolaverde.com\/capodanno\/#breadcrumb\"},\"inLanguage\":\"de\",\"potentialAction\":[{\"@type\":\"ReadAction\",\"target\":[\"https:\/\/hotelisolaverde.com\/capodanno\/\"]}]},{\"@type\":\"BreadcrumbList\",\"@id\":\"https:\/\/hotelisolaverde.com\/capodanno\/#breadcrumb\",\"itemListElement\":[{\"@type\":\"ListItem\",\"position\":1,\"name\":\"Home\",\"item\":\"https:\/\/hotelisolaverde.com\/\"},{\"@type\":\"ListItem\",\"position\":2,\"name\":\"Neujahr\"}]},{\"@type\":\"WebSite\",\"@id\":\"https:\/\/hotelisolaverde.com\/#website\",\"url\":\"https:\/\/hotelisolaverde.com\/\",\"name\":\"Hotel Isola Verde\",\"description\":\"Hotel Isola Verde\",\"potentialAction\":[{\"@type\":\"SearchAction\",\"target\":{\"@type\":\"EntryPoint\",\"urlTemplate\":\"https:\/\/hotelisolaverde.com\/?s={search_term_string}\"},\"query-input\":{\"@type\":\"PropertyValueSpecification\",\"valueRequired\":true,\"valueName\":\"search_term_string\"}}],\"inLanguage\":\"de\"}]}<\/script>\n<!-- \/ Yoast SEO plugin. -->","yoast_head_json":{"title":"Neujahr - Hotel Isola Verde","robots":{"index":"index","follow":"follow","max-snippet":"max-snippet:-1","max-image-preview":"max-image-preview:large","max-video-preview":"max-video-preview:-1"},"canonical":"https:\/\/hotelisolaverde.com\/capodanno\/","og_locale":"de_DE","og_type":"article","og_title":"Neujahr - Hotel Isola Verde","og_url":"https:\/\/hotelisolaverde.com\/capodanno\/","og_site_name":"Hotel Isola Verde","article_modified_time":"2025-09-20T15:42:56+00:00","twitter_card":"summary_large_image","twitter_misc":{"Gesch\u00e4tzte Lesezeit":"2\u00a0Minuten"},"schema":{"@context":"https:\/\/schema.org","@graph":[{"@type":"WebPage","@id":"https:\/\/hotelisolaverde.com\/capodanno\/","url":"https:\/\/hotelisolaverde.com\/capodanno\/","name":"Neujahr - Hotel Isola Verde","isPartOf":{"@id":"https:\/\/hotelisolaverde.com\/#website"},"datePublished":"2025-09-20T14:41:00+00:00","dateModified":"2025-09-20T15:42:56+00:00","breadcrumb":{"@id":"https:\/\/hotelisolaverde.com\/capodanno\/#breadcrumb"},"inLanguage":"de","potentialAction":[{"@type":"ReadAction","target":["https:\/\/hotelisolaverde.com\/capodanno\/"]}]},{"@type":"BreadcrumbList","@id":"https:\/\/hotelisolaverde.com\/capodanno\/#breadcrumb","itemListElement":[{"@type":"ListItem","position":1,"name":"Home","item":"https:\/\/hotelisolaverde.com\/"},{"@type":"ListItem","position":2,"name":"Neujahr"}]},{"@type":"WebSite","@id":"https:\/\/hotelisolaverde.com\/#website","url":"https:\/\/hotelisolaverde.com\/","name":"Hotel Isola Verde","description":"Hotel Isola Verde","potentialAction":[{"@type":"SearchAction","target":{"@type":"EntryPoint","urlTemplate":"https:\/\/hotelisolaverde.com\/?s={search_term_string}"},"query-input":{"@type":"PropertyValueSpecification","valueRequired":true,"valueName":"search_term_string"}}],"inLanguage":"de"}]}},"_links":{"self":[{"href":"https:\/\/hotelisolaverde.com\/de\/wp-json\/wp\/v2\/pages\/2588","targetHints":{"allow":["GET"]}}],"collection":[{"href":"https:\/\/hotelisolaverde.com\/de\/wp-json\/wp\/v2\/pages"}],"about":[{"href":"https:\/\/hotelisolaverde.com\/de\/wp-json\/wp\/v2\/types\/page"}],"author":[{"embeddable":true,"href":"https:\/\/hotelisolaverde.com\/de\/wp-json\/wp\/v2\/users\/2"}],"replies":[{"embeddable":true,"href":"https:\/\/hotelisolaverde.com\/de\/wp-json\/wp\/v2\/comments?post=2588"}],"version-history":[{"count":7,"href":"https:\/\/hotelisolaverde.com\/de\/wp-json\/wp\/v2\/pages\/2588\/revisions"}],"predecessor-version":[{"id":2596,"href":"https:\/\/hotelisolaverde.com\/de\/wp-json\/wp\/v2\/pages\/2588\/revisions\/2596"}],"wp:attachment":[{"href":"https:\/\/hotelisolaverde.com\/de\/wp-json\/wp\/v2\/media?parent=2588"}],"curies":[{"name":"wp","href":"https:\/\/api.w.org\/{rel}","templated":true}]}}