{"id":3861,"date":"2025-12-11T12:58:56","date_gmt":"2025-12-11T11:58:56","guid":{"rendered":"https:\/\/hotelisolaverde.com\/standard-mit-balkon\/"},"modified":"2026-04-28T13:21:32","modified_gmt":"2026-04-28T11:21:32","slug":"standard-mit-balkon","status":"publish","type":"page","link":"https:\/\/hotelisolaverde.com\/de\/standard-mit-balkon\/","title":{"rendered":"Standard mit Balkon"},"content":{"rendered":"<section class=\"l-section wpb_row height_medium color_secondary\"><div class=\"l-section-h i-cf\"><div class=\"g-cols vc_row via_flex valign_top type_default stacking_default\"><div class=\"vc_col-sm-12 wpb_column vc_column_container stretched\"><div class=\"vc_column-inner\"><div class=\"wpb_wrapper\"><div class=\"w-html\"><!DOCTYPE html>\n<html lang=\"de\">\n<head>\n<meta charset=\"UTF-8\">\n<meta name=\"viewport\" content=\"width=device-width, initial-scale=1.0\">\n<title>Standard Doppelzimmer mit Balkon \u2013 Hotel Isola Verde<\/title>\n<link rel=\"preconnect\" href=\"https:\/\/fonts.googleapis.com\">\n<link href=\"https:\/\/fonts.googleapis.com\/css2?family=Montserrat:wght@300;400;500;600;700&family=Cormorant+Garamond:ital,wght@0,300;0,400;1,300;1,400&display=swap\" rel=\"stylesheet\">\n<link rel=\"stylesheet\" href=\"comfort-vista-lago.css\">\n<\/head>\n<body>\n\n<!-- HERO -->\n<section class=\"hero\">\n  <div class=\"hero-image-main\">\n    <img decoding=\"async\" src=\"https:\/\/hotelisolaverde.com\/wp-content\/uploads\/2026\/03\/6_4.avif\" alt=\"Standard Doppelzimmer mit Balkon \u2013 Hotel Isola Verde\" loading=\"eager\">\n  <\/div>\n  <div class=\"hero-content\">\n    <div class=\"hero-eyebrow\">Zimmer<\/div>\n    <h1 class=\"hero-title\">Standard mit<br><em>Balkon<\/em><\/h1>\n    <p class=\"hero-subtitle\">Ruhe \u00b7 Stille \u00b7 Absolut entspannend<\/p>\n    <p class=\"hero-desc\">Ein helles und modernes Zimmer mit Balkon zur Berg- und Gartenseite. Eine ruhigere Lage als die Seeseite \u2013 perfekt f\u00fcr G\u00e4ste, die Frieden, Stille und absolute Entspannung suchen.<\/p>\n    <div class=\"hero-actions\">\n      <a href=\"https:\/\/hotelisolaverde.bookpage.io\/de\" class=\"btn-primary\">Jetzt buchen<\/a>\n      <a href=\"https:\/\/hotelisolaverde.com\/de\/unverbindliche-anfrage\/\" class=\"btn-secondary\">Anfrage stellen<\/a>\n    <\/div>\n    <div class=\"hero-scroll\">\n      <div class=\"scroll-line\"><\/div>\n      Entdecken\n    <\/div>\n  <\/div>\n<\/section>\n\n<!-- BADGES -->\n<div class=\"badges-strip\">\n  <div class=\"badge-item\">\n    <div class=\"badge-icon\">\ud83c\udfd4<\/div>\n    <div>\n      <span class=\"badge-text\">Balkon zur Bergseite<\/span>\n      <span class=\"badge-sub\">Blick auf Garten und Berg<\/span>\n    <\/div>\n  <\/div>\n  <div class=\"badge-item\">\n    <div class=\"badge-icon\">\ud83e\udd2b<\/div>\n    <div>\n      <span class=\"badge-text\">Ruhige Lage<\/span>\n      <span class=\"badge-sub\">Ruhige Seite des Hotels<\/span>\n    <\/div>\n  <\/div>\n  <div class=\"badge-item\">\n    <div class=\"badge-icon\">\ud83d\udecf<\/div>\n    <div>\n      <span class=\"badge-text\">Doppelbett<\/span>\n      <span class=\"badge-sub\">F\u00fcr maximal 2 Personen<\/span>\n    <\/div>\n  <\/div>\n  <div class=\"badge-item\">\n    <div class=\"badge-icon\">\u2744<\/div>\n    <div>\n      <span class=\"badge-text\">Klimaanlage<\/span>\n      <span class=\"badge-sub\">Heizung inklusive<\/span>\n    <\/div>\n  <\/div>\n  <div class=\"badge-item\">\n    <div class=\"badge-icon\">\ud83d\udc3e<\/div>\n    <div>\n      <span class=\"badge-text\">Haustierfreundlich<\/span>\n      <span class=\"badge-sub\"><a href=\"https:\/\/hotelisolaverde.com\/de\/haustierfreundliches-hotel\/\" style=\"color:#9e2a74;text-decoration:none;\">Details \u2192<\/a><\/span>\n    <\/div>\n  <\/div>\n<\/div>\n\n<!-- INTRO -->\n<section class=\"section-intro\">\n  <div class=\"fade-up\">\n    <p class=\"section-label\">Das Zimmer<\/p>\n    <h2 class=\"section-heading\">Stille, Entspannung<br>und <em>Bergluft<\/em><\/h2>\n    <p class=\"section-body\">Ein helles und modernes Zimmer mit gepflegten M\u00f6beln und funktionalen R\u00e4umen \u2013 ideal f\u00fcr einen einfachen und komfortablen Aufenthalt. Es verf\u00fcgt \u00fcber einen Balkon zur Berg- und Gartenseite, eine ruhigere Lage als die Seeseite, perfekt f\u00fcr alle, die Frieden, Stille und absolute Entspannung suchen.<br><br>F\u00fcr bis zu zwei Personen ausgelegt, bietet es eine einladende Atmosph\u00e4re mit Bad und Dusche sowie alle wesentlichen Annehmlichkeiten f\u00fcr einen angenehmen Aufenthalt. Die ideale Wahl f\u00fcr G\u00e4ste, die auf einen Balkon nicht verzichten m\u00f6chten und dabei die Ruhe der ruhigeren Seite des Hotels bevorzugen.<\/p>\n    <div class=\"note-box\">Unsere Standard-mit-Balkon-Zimmer sind zwei und weisen sehr \u00e4hnliche Merkmale auf. Sie k\u00f6nnen sich nur in einigen Details der Einrichtung unterscheiden, ohne wesentliche Abweichungen in R\u00e4umen oder Services. Die Zuteilung erfolgt nach Verf\u00fcgbarkeit; f\u00fcr W\u00fcnsche sind wir gerne bereit, diese zu ber\u00fccksichtigen.<\/div>\n  <\/div>\n  <div class=\"fade-up\" style=\"position:relative;\">\n    <img decoding=\"async\" src=\"https:\/\/hotelisolaverde.com\/wp-content\/uploads\/2026\/03\/5_4.avif\" alt=\"Standard mit Balkon \u2013 Innenansicht\" style=\"width:100%;height:520px;object-fit:cover;border-radius:4px;\">\n    <div class=\"img-location-badge\">\n      <span class=\"loc-sub\">Gardasee<\/span>\n      <span class=\"loc-name\">Nago-Torbole (TN)<\/span>\n    <\/div>\n  <\/div>\n<\/section>\n\n<!-- SERVIZI -->\n<section class=\"servizi-section\">\n  <div class=\"servizi-inner\">\n    <div class=\"servizi-header\">\n      <div>\n        <p class=\"section-label\" style=\"color:#e95095;\">Ausstattung<\/p>\n        <h2 class=\"servizi-title\">Alles Komfort<br>f\u00fcr Ihren <em>Aufenthalt<\/em><\/h2>\n      <\/div>\n      <div>\n        <div class=\"servizi-line\"><\/div>\n        <p style=\"font-size:12px;font-weight:300;color:rgba(255,255,255,0.4);max-width:240px;text-align:right;\">Jedes Detail f\u00fcr einen unvergesslichen Aufenthalt durchdacht<\/p>\n      <\/div>\n    <\/div>\n    <div class=\"servizi-grid\">\n      <div class=\"servizio-card\"><span class=\"servizio-icon\">\ud83c\udfd4<\/span><div class=\"servizio-name\">Balkon zur Bergseite<\/div><div class=\"servizio-desc\">Blick auf Garten und Berg<\/div><\/div>\n      <div class=\"servizio-card\"><span class=\"servizio-icon\">\ud83d\udecf<\/span><div class=\"servizio-name\">Doppelbett<\/div><div class=\"servizio-desc\">F\u00fcr maximal 2 Personen<\/div><\/div>\n      <div class=\"servizio-card\"><span class=\"servizio-icon\">\ud83c\udfe0<\/span><div class=\"servizio-name\">Moderne Einrichtung<\/div><div class=\"servizio-desc\">Gepflegte und funktionale Oberfl\u00e4chen<\/div><\/div>\n      <div class=\"servizio-card\"><span class=\"servizio-icon\">\u2744<\/span><div class=\"servizio-name\">Klima & Heizung<\/div><div class=\"servizio-desc\">Klimaanlage und Heizung<\/div><\/div>\n      <div class=\"servizio-card\"><span class=\"servizio-icon\">\ud83d\udebf<\/span><div class=\"servizio-name\">Bad mit Dusche<\/div><div class=\"servizio-desc\">Willkommens-Pflegeset inklusive<\/div><\/div>\n      <div class=\"servizio-card\"><span class=\"servizio-icon\">\ud83e\uddca<\/span><div class=\"servizio-name\">Minibar<\/div><div class=\"servizio-desc\">Im Zimmer verf\u00fcgbar<\/div><\/div>\n      <div class=\"servizio-card\"><span class=\"servizio-icon\">\ud83d\udcfa<\/span><div class=\"servizio-name\">Flachbild-TV<\/div><div class=\"servizio-desc\">Unterhaltung griffbereit<\/div><\/div>\n      <div class=\"servizio-card\"><span class=\"servizio-icon\">\ud83d\udcf6<\/span><div class=\"servizio-name\">Kostenloses WLAN<\/div><div class=\"servizio-desc\">Hochgeschwindigkeitsverbindung<\/div><\/div>\n      <div class=\"servizio-card\"><span class=\"servizio-icon\">\ud83d\udd12<\/span><div class=\"servizio-name\">Safe<\/div><div class=\"servizio-desc\">Sicherheit f\u00fcr Ihre Wertsachen<\/div><\/div>\n    <\/div>\n  <\/div>\n<\/section>\n\n<!-- GALLERY -->\n<section class=\"gallery-section\">\n  <div class=\"gallery-header fade-up\">\n    <p class=\"section-label\">Galerie<\/p>\n    <h2 class=\"section-heading\" style=\"font-size:40px;margin-bottom:0;\">Das Zimmer in <em>Bildern<\/em><\/h2>\n  <\/div>\n  <div class=\"gallery-grid\">\n    <div class=\"gallery-item main\">\n      <img decoding=\"async\" src=\"https:\/\/hotelisolaverde.com\/wp-content\/uploads\/2026\/03\/6_4.avif\" alt=\"Standard mit Balkon \u2013 Hauptansicht\">\n    <\/div>\n    <div class=\"gallery-item\">\n      <img decoding=\"async\" src=\"https:\/\/hotelisolaverde.com\/wp-content\/uploads\/2026\/03\/4_4.avif\" alt=\"Standard \u2013 Detail\">\n    <\/div>\n    <div class=\"gallery-item\">\n      <img decoding=\"async\" src=\"https:\/\/hotelisolaverde.com\/wp-content\/uploads\/2026\/03\/2_4.avif\" alt=\"Standard \u2013 Bad\">\n    <\/div>\n    <div class=\"gallery-item\">\n      <img decoding=\"async\" src=\"https:\/\/hotelisolaverde.com\/wp-content\/uploads\/2026\/03\/1_4.avif\" alt=\"Standard \u2013 Balkon\">\n    <\/div>\n    <div class=\"gallery-more\">\n      <span>+1<\/span>\n      <small>weiteres Foto<\/small>\n    <\/div>\n  <\/div>\n<\/section>\n\n<!-- SPLIT CTA -->\n<div class=\"split-cta\">\n  <div class=\"split-left\">\n    <p class=\"section-label\">Preise<\/p>\n    <h2 class=\"section-heading\" style=\"font-size:36px;margin-bottom:0;color:#3c202e;\">Ihr Aufenthalt<br>am <em style=\"color:#9e2a74;\">Gardasee<\/em><\/h2>\n    <p class=\"price-from\">Ab<\/p>\n    <p class=\"price-value\"><sup>\u20ac<\/sup>79<\/p>\n    <p class=\"price-note\">pro Nacht \u00b7 Fr\u00fchst\u00fcck inklusive \u00b7 Preis je nach Saison<\/p>\n    <div style=\"display:flex;gap:12px;flex-wrap:wrap;\">\n      <a href=\"https:\/\/hotelisolaverde.bookpage.io\/de\" class=\"btn-primary\">Verf\u00fcgbarkeit pr\u00fcfen<\/a>\n      <a href=\"https:\/\/hotelisolaverde.com\/de\/angebotsanfrage\/\" class=\"btn-secondary\" style=\"background:transparent;color:#3c202e !important;border:1px solid #e8e0e5;\">Angebot anfragen<\/a>\n    <\/div>\n  <\/div>\n  <div class=\"split-right\">\n    <h2 class=\"split-right-title\">Bevorzugen Sie<br>ein Gespr\u00e4ch?<\/h2>\n    <p class=\"split-right-body\">Unser Team steht Ihnen jederzeit zur Verf\u00fcgung, um Ihre Fragen zu beantworten und Ihnen bei der Planung Ihres perfekten Aufenthalts am Gardasee zu helfen.<\/p>\n    <a href=\"https:\/\/hotelisolaverde.com\/de\/unverbindliche-anfrage\/\" class=\"btn-white\">Unverbindliche Anfrage<\/a>\n  <\/div>\n<\/div>\n\n<!-- ROOMS -->\n<section class=\"rooms-section\">\n  <div class=\"rooms-header fade-up\">\n    <div>\n      <p class=\"section-label\">Entdecken<\/p>\n      <h2 class=\"section-heading\" style=\"font-size:40px;margin-bottom:0;\">Weitere <em>Zimmer<\/em><\/h2>\n    <\/div>\n    <a href=\"https:\/\/hotelisolaverde.com\/de\/zimmer\/\" style=\"font-size:12px;font-weight:600;letter-spacing:0.12em;text-transform:uppercase;color:#9e2a74;text-decoration:none;\">Alle ansehen \u2192<\/a>\n  <\/div>\n  <div class=\"rooms-grid\">\n    <a href=\"https:\/\/hotelisolaverde.com\/de\/standard-mit-balkon-und-seeblick\/\" class=\"room-card\">\n      <div class=\"room-card-img\">\n        <img decoding=\"async\" src=\"https:\/\/hotelisolaverde.com\/wp-content\/uploads\/2026\/03\/1_5.avif\" alt=\"Standard mit Balkon und Seeblick\">\n        <div class=\"room-card-tag\">Standard<\/div>\n      <\/div>\n      <div class=\"room-card-body\">\n        <div class=\"room-card-name\">Standard mit Balkon und Seeblick<\/div>\n        <div class=\"room-card-desc\">Gleiche Kategorie, mit seitlichem Blick auf den Gardasee.<\/div>\n        <div class=\"room-card-link\">Zimmer entdecken<\/div>\n      <\/div>\n    <\/a>\n    <a href=\"https:\/\/hotelisolaverde.com\/de\/komfort-mit-balkon-und-seeblick\/\" class=\"room-card\">\n      <div class=\"room-card-img\">\n        <img decoding=\"async\" src=\"https:\/\/hotelisolaverde.com\/wp-content\/uploads\/2026\/03\/9_3.avif\" alt=\"Komfort mit Seeblick\">\n        <div class=\"room-card-tag\">Komfort<\/div>\n      <\/div>\n      <div class=\"room-card-body\">\n        <div class=\"room-card-name\">Komfort mit Balkon und Seeblick<\/div>\n        <div class=\"room-card-desc\">Etwas ger\u00e4umiger mit Balkon und seitlichem Seeblick.<\/div>\n        <div class=\"room-card-link\">Zimmer entdecken<\/div>\n      <\/div>\n    <\/a>\n    <a href=\"https:\/\/hotelisolaverde.com\/de\/economy-doppelzimmer\/\" class=\"room-card\">\n      <div class=\"room-card-img\">\n        <img decoding=\"async\" src=\"https:\/\/hotelisolaverde.com\/wp-content\/uploads\/2026\/02\/1.avif\" alt=\"Economy Doppelzimmer\">\n        <div class=\"room-card-tag\">Economy<\/div>\n      <\/div>\n      <div class=\"room-card-body\">\n        <div class=\"room-card-name\">Economy Doppelzimmer<\/div>\n        <div class=\"room-card-desc\">Einfache und g\u00fcnstige L\u00f6sung f\u00fcr zwei Personen.<\/div>\n        <div class=\"room-card-link\">Zimmer entdecken<\/div>\n      <\/div>\n    <\/a>\n  <\/div>\n<\/section>\n\n<script>\n  const obs = new IntersectionObserver(entries => {\n    entries.forEach(e => { if (e.isIntersecting) e.target.classList.add('visible'); });\n  }, { threshold: 0.1 });\n  document.querySelectorAll('.fade-up').forEach(el => obs.observe(el));\n<\/script>\n\n<!-- LIGHTBOX -->\n<div class=\"lb-overlay\" id=\"lightbox\" role=\"dialog\" aria-modal=\"true\">\n  <div class=\"lb-close\" id=\"lb-close\" title=\"Schlie\u00dfen\">\u2715<\/div>\n  <div class=\"lb-counter\" id=\"lb-counter\">1 \/ 5<\/div>\n  <div class=\"lb-main\">\n    <div class=\"lb-arrow prev\" id=\"lb-prev\">&#8592;<\/div>\n    <div class=\"lb-img-wrap\">\n      <img decoding=\"async\" id=\"lb-img\" src=\"\" alt=\"Standard mit Balkon\">\n    <\/div>\n    <div class=\"lb-arrow next\" id=\"lb-next\">&#8594;<\/div>\n  <\/div>\n  <div class=\"lb-thumbs\" id=\"lb-thumbs\"><\/div>\n<\/div>\n\n<script>\n(function() {\n  var images = [\n    { src: 'https:\/\/hotelisolaverde.com\/wp-content\/uploads\/2026\/03\/6_4.avif', alt: 'Standard Balkon \u2013 Ansicht 1' },\n    { src: 'https:\/\/hotelisolaverde.com\/wp-content\/uploads\/2026\/03\/5_4.avif', alt: 'Standard Balkon \u2013 Ansicht 2' },\n    { src: 'https:\/\/hotelisolaverde.com\/wp-content\/uploads\/2026\/03\/4_4.avif', alt: 'Standard Balkon \u2013 Ansicht 3' },\n    { src: 'https:\/\/hotelisolaverde.com\/wp-content\/uploads\/2026\/03\/2_4.avif', alt: 'Standard Balkon \u2013 Ansicht 4' },\n    { src: 'https:\/\/hotelisolaverde.com\/wp-content\/uploads\/2026\/03\/1_4.avif', alt: 'Standard Balkon \u2013 Ansicht 5' }\n  ];\n  var current=0,lb=document.getElementById('lightbox'),lbImg=document.getElementById('lb-img'),lbCnt=document.getElementById('lb-counter'),lbThumbs=document.getElementById('lb-thumbs');\n  images.forEach(function(img,i){var t=document.createElement('div');t.className='lb-thumb'+(i===0?' active':'');t.innerHTML='<img decoding=\"async\" src=\"'+img.src+'\" alt=\"'+img.alt+'\">';t.addEventListener('click',function(){goTo(i);});lbThumbs.appendChild(t);});\n  function getThumbs(){return lbThumbs.querySelectorAll('.lb-thumb');}\n  function goTo(idx){idx=(idx+images.length)%images.length;lbImg.classList.add('fading');setTimeout(function(){current=idx;lbImg.src=images[idx].src;lbImg.alt=images[idx].alt;lbCnt.textContent=(idx+1)+' \/ '+images.length;getThumbs().forEach(function(t,i){t.classList.toggle('active',i===idx);});lbImg.classList.remove('fading');},200);}\n  function open(idx){current=idx;lb.classList.add('open');document.body.style.overflow='hidden';lbImg.src=images[idx].src;lbImg.alt=images[idx].alt;lbCnt.textContent=(idx+1)+' \/ '+images.length;getThumbs().forEach(function(t,i){t.classList.toggle('active',i===idx);});}\n  function close(){lb.classList.remove('open');document.body.style.overflow='';}\n  document.addEventListener('click',function(e){var item=e.target.closest('.gallery-item');if(!item)return;if(item.classList.contains('gallery-more')){open(4);}else{var items=Array.from(document.querySelectorAll('.gallery-item:not(.gallery-more)'));var idx=items.indexOf(item);if(idx>=0)open(idx);}});\n  document.getElementById('lb-prev').addEventListener('click',function(){goTo(current-1);});\n  document.getElementById('lb-next').addEventListener('click',function(){goTo(current+1);});\n  document.getElementById('lb-close').addEventListener('click',close);\n  lb.addEventListener('click',function(e){if(e.target===lb)close();});\n  document.addEventListener('keydown',function(e){if(!lb.classList.contains('open'))return;if(e.key==='ArrowLeft')goTo(current-1);if(e.key==='ArrowRight')goTo(current+1);if(e.key==='Escape')close();});\n})();\n<\/script>\n\n<\/body>\n<\/html><\/div><\/div><\/div><\/div><\/div><\/div><\/section>\n","protected":false},"excerpt":{"rendered":"Standard Doppelzimmer mit Balkon \u2013 Hotel Isola Verde Zimmer Standard mitBalkon Ruhe \u00b7 Stille \u00b7 Absolut entspannend Ein helles und modernes Zimmer mit Balkon zur Berg- und Gartenseite. Eine ruhigere Lage als die Seeseite \u2013 perfekt f\u00fcr G\u00e4ste, die Frieden, Stille und absolute Entspannung suchen. Jetzt buchen Anfrage stellen Entdecken \ud83c\udfd4 Balkon zur Bergseite Blick...","protected":false},"author":2,"featured_media":0,"parent":0,"menu_order":0,"comment_status":"closed","ping_status":"closed","template":"","meta":{"_acf_changed":false,"inline_featured_image":false,"_joinchat":[],"footnotes":""},"class_list":["post-3861","page","type-page","status-publish","hentry"],"acf":[],"yoast_head":"<!-- This site is optimized with the Yoast SEO plugin v25.4 - https:\/\/yoast.com\/wordpress\/plugins\/seo\/ -->\n<title>Standard mit Balkon - Hotel Isola Verde<\/title>\n<meta name=\"robots\" content=\"index, follow, max-snippet:-1, max-image-preview:large, max-video-preview:-1\" \/>\n<link rel=\"canonical\" href=\"https:\/\/hotelisolaverde.com\/de\/standard-mit-balkon\/\" \/>\n<meta property=\"og:locale\" content=\"de_DE\" \/>\n<meta property=\"og:type\" content=\"article\" \/>\n<meta property=\"og:title\" content=\"Standard mit Balkon - Hotel Isola Verde\" \/>\n<meta property=\"og:url\" content=\"https:\/\/hotelisolaverde.com\/de\/standard-mit-balkon\/\" \/>\n<meta property=\"og:site_name\" content=\"Hotel Isola Verde\" \/>\n<meta property=\"article:modified_time\" content=\"2026-04-28T11:21:32+00:00\" \/>\n<meta name=\"twitter:card\" content=\"summary_large_image\" \/>\n<meta name=\"twitter:label1\" content=\"Gesch\u00e4tzte Lesezeit\" \/>\n\t<meta name=\"twitter:data1\" content=\"1\u00a0Minute\" \/>\n<script type=\"application\/ld+json\" class=\"yoast-schema-graph\">{\"@context\":\"https:\/\/schema.org\",\"@graph\":[{\"@type\":\"WebPage\",\"@id\":\"https:\/\/hotelisolaverde.com\/de\/standard-mit-balkon\/\",\"url\":\"https:\/\/hotelisolaverde.com\/de\/standard-mit-balkon\/\",\"name\":\"Standard mit Balkon - Hotel Isola Verde\",\"isPartOf\":{\"@id\":\"https:\/\/hotelisolaverde.com\/#website\"},\"datePublished\":\"2025-12-11T11:58:56+00:00\",\"dateModified\":\"2026-04-28T11:21:32+00:00\",\"breadcrumb\":{\"@id\":\"https:\/\/hotelisolaverde.com\/de\/standard-mit-balkon\/#breadcrumb\"},\"inLanguage\":\"de\",\"potentialAction\":[{\"@type\":\"ReadAction\",\"target\":[\"https:\/\/hotelisolaverde.com\/de\/standard-mit-balkon\/\"]}]},{\"@type\":\"BreadcrumbList\",\"@id\":\"https:\/\/hotelisolaverde.com\/de\/standard-mit-balkon\/#breadcrumb\",\"itemListElement\":[{\"@type\":\"ListItem\",\"position\":1,\"name\":\"Home\",\"item\":\"https:\/\/hotelisolaverde.com\/\"},{\"@type\":\"ListItem\",\"position\":2,\"name\":\"Standard mit Balkon\"}]},{\"@type\":\"WebSite\",\"@id\":\"https:\/\/hotelisolaverde.com\/#website\",\"url\":\"https:\/\/hotelisolaverde.com\/\",\"name\":\"Hotel Isola Verde\",\"description\":\"Hotel Isola Verde\",\"potentialAction\":[{\"@type\":\"SearchAction\",\"target\":{\"@type\":\"EntryPoint\",\"urlTemplate\":\"https:\/\/hotelisolaverde.com\/?s={search_term_string}\"},\"query-input\":{\"@type\":\"PropertyValueSpecification\",\"valueRequired\":true,\"valueName\":\"search_term_string\"}}],\"inLanguage\":\"de\"}]}<\/script>\n<!-- \/ Yoast SEO plugin. -->","yoast_head_json":{"title":"Standard mit Balkon - Hotel Isola Verde","robots":{"index":"index","follow":"follow","max-snippet":"max-snippet:-1","max-image-preview":"max-image-preview:large","max-video-preview":"max-video-preview:-1"},"canonical":"https:\/\/hotelisolaverde.com\/de\/standard-mit-balkon\/","og_locale":"de_DE","og_type":"article","og_title":"Standard mit Balkon - Hotel Isola Verde","og_url":"https:\/\/hotelisolaverde.com\/de\/standard-mit-balkon\/","og_site_name":"Hotel Isola Verde","article_modified_time":"2026-04-28T11:21:32+00:00","twitter_card":"summary_large_image","twitter_misc":{"Gesch\u00e4tzte Lesezeit":"1\u00a0Minute"},"schema":{"@context":"https:\/\/schema.org","@graph":[{"@type":"WebPage","@id":"https:\/\/hotelisolaverde.com\/de\/standard-mit-balkon\/","url":"https:\/\/hotelisolaverde.com\/de\/standard-mit-balkon\/","name":"Standard mit Balkon - Hotel Isola Verde","isPartOf":{"@id":"https:\/\/hotelisolaverde.com\/#website"},"datePublished":"2025-12-11T11:58:56+00:00","dateModified":"2026-04-28T11:21:32+00:00","breadcrumb":{"@id":"https:\/\/hotelisolaverde.com\/de\/standard-mit-balkon\/#breadcrumb"},"inLanguage":"de","potentialAction":[{"@type":"ReadAction","target":["https:\/\/hotelisolaverde.com\/de\/standard-mit-balkon\/"]}]},{"@type":"BreadcrumbList","@id":"https:\/\/hotelisolaverde.com\/de\/standard-mit-balkon\/#breadcrumb","itemListElement":[{"@type":"ListItem","position":1,"name":"Home","item":"https:\/\/hotelisolaverde.com\/"},{"@type":"ListItem","position":2,"name":"Standard mit Balkon"}]},{"@type":"WebSite","@id":"https:\/\/hotelisolaverde.com\/#website","url":"https:\/\/hotelisolaverde.com\/","name":"Hotel Isola Verde","description":"Hotel Isola Verde","potentialAction":[{"@type":"SearchAction","target":{"@type":"EntryPoint","urlTemplate":"https:\/\/hotelisolaverde.com\/?s={search_term_string}"},"query-input":{"@type":"PropertyValueSpecification","valueRequired":true,"valueName":"search_term_string"}}],"inLanguage":"de"}]}},"_links":{"self":[{"href":"https:\/\/hotelisolaverde.com\/de\/wp-json\/wp\/v2\/pages\/3861","targetHints":{"allow":["GET"]}}],"collection":[{"href":"https:\/\/hotelisolaverde.com\/de\/wp-json\/wp\/v2\/pages"}],"about":[{"href":"https:\/\/hotelisolaverde.com\/de\/wp-json\/wp\/v2\/types\/page"}],"author":[{"embeddable":true,"href":"https:\/\/hotelisolaverde.com\/de\/wp-json\/wp\/v2\/users\/2"}],"replies":[{"embeddable":true,"href":"https:\/\/hotelisolaverde.com\/de\/wp-json\/wp\/v2\/comments?post=3861"}],"version-history":[{"count":9,"href":"https:\/\/hotelisolaverde.com\/de\/wp-json\/wp\/v2\/pages\/3861\/revisions"}],"predecessor-version":[{"id":5591,"href":"https:\/\/hotelisolaverde.com\/de\/wp-json\/wp\/v2\/pages\/3861\/revisions\/5591"}],"wp:attachment":[{"href":"https:\/\/hotelisolaverde.com\/de\/wp-json\/wp\/v2\/media?parent=3861"}],"curies":[{"name":"wp","href":"https:\/\/api.w.org\/{rel}","templated":true}]}}