{"id":3902,"date":"2025-12-11T13:13:15","date_gmt":"2025-12-11T12:13:15","guid":{"rendered":"https:\/\/hotelisolaverde.com\/economy-dreibettzimmer\/"},"modified":"2026-04-27T12:34:21","modified_gmt":"2026-04-27T10:34:21","slug":"economy-dreibettzimmer","status":"publish","type":"page","link":"https:\/\/hotelisolaverde.com\/de\/economy-dreibettzimmer\/","title":{"rendered":"Economy-Dreibettzimmer"},"content":{"rendered":"<section class=\"l-section wpb_row height_medium color_secondary\"><div class=\"l-section-h i-cf\"><div class=\"g-cols vc_row via_flex valign_top type_default stacking_default\"><div class=\"vc_col-sm-12 wpb_column vc_column_container stretched\"><div class=\"vc_column-inner\"><div class=\"wpb_wrapper\"><div class=\"w-html\"><!DOCTYPE html>\n<html lang=\"de\">\n<head>\n<meta charset=\"UTF-8\">\n<meta name=\"viewport\" content=\"width=device-width, initial-scale=1.0\">\n<title>Economy Dreibettzimmer \u2013 Hotel Isola Verde<\/title>\n<link rel=\"preconnect\" href=\"https:\/\/fonts.googleapis.com\">\n<link href=\"https:\/\/fonts.googleapis.com\/css2?family=Montserrat:wght@300;400;500;600;700&family=Cormorant+Garamond:ital,wght@0,300;0,400;1,300;1,400&display=swap\" rel=\"stylesheet\">\n<link rel=\"stylesheet\" href=\"comfort-vista-lago.css\">\n<\/head>\n<body>\n\n<!-- HERO -->\n<section class=\"hero\">\n  <div class=\"hero-image-main\">\n    <img decoding=\"async\" src=\"https:\/\/hotelisolaverde.com\/wp-content\/uploads\/2026\/03\/8_1.avif\" alt=\"Economy Dreibettzimmer \u2013 Hotel Isola Verde\" loading=\"eager\">\n  <\/div>\n  <div class=\"hero-content\">\n    <div class=\"hero-eyebrow\">Zimmer<\/div>\n    <h1 class=\"hero-title\">Economy<br><em>Dreibettzimmer<\/em><\/h1>\n    <p class=\"hero-subtitle\">Praktisch, funktional, g\u00fcnstig<\/p>\n    <p class=\"hero-desc\">Ein wesentliches und gut organisiertes Zimmer mit gepflegten M\u00f6beln und allem, was Sie f\u00fcr einen komfortablen Aufenthalt ben\u00f6tigen. Ideal f\u00fcr alle, die die Unterkunft als praktische Basis nutzen und das Budget im Rahmen halten m\u00f6chten.<\/p>\n    <div class=\"hero-actions\">\n      <a href=\"https:\/\/hotelisolaverde.bookpage.io\/de\" class=\"btn-primary\">Jetzt buchen<\/a>\n      <a href=\"https:\/\/hotelisolaverde.com\/de\/unverbindliche-anfrage\/\" class=\"btn-secondary\">Anfrage stellen<\/a>\n    <\/div>\n    <div class=\"hero-scroll\">\n      <div class=\"scroll-line\"><\/div>\n      Entdecken\n    <\/div>\n  <\/div>\n<\/section>\n\n<!-- BADGES -->\n<div class=\"badges-strip\">\n  <div class=\"badge-item\">\n    <div class=\"badge-icon\">\ud83d\udecf<\/div>\n    <div>\n      <span class=\"badge-text\">Bis zu 3 Personen<\/span>\n      <span class=\"badge-sub\">Doppel + Einzelbett auf Anfrage<\/span>\n    <\/div>\n  <\/div>\n  <div class=\"badge-item\">\n    <div class=\"badge-icon\">\ud83d\udcb0<\/div>\n    <div>\n      <span class=\"badge-text\">Bester Preis<\/span>\n      <span class=\"badge-sub\">G\u00fcnstigster Tarif<\/span>\n    <\/div>\n  <\/div>\n  <div class=\"badge-item\">\n    <div class=\"badge-icon\">\u2744<\/div>\n    <div>\n      <span class=\"badge-text\">Klimaanlage<\/span>\n      <span class=\"badge-sub\">Heizung inklusive<\/span>\n    <\/div>\n  <\/div>\n  <div class=\"badge-item\">\n    <div class=\"badge-icon\">\ud83d\udcf6<\/div>\n    <div>\n      <span class=\"badge-text\">Kostenloses WLAN<\/span>\n      <span class=\"badge-sub\">Hochgeschwindigkeit<\/span>\n    <\/div>\n  <\/div>\n  <div class=\"badge-item\">\n    <div class=\"badge-icon\">\ud83d\udc3e<\/div>\n    <div>\n      <span class=\"badge-text\">Haustierfreundlich<\/span>\n      <span class=\"badge-sub\"><a href=\"https:\/\/hotelisolaverde.com\/de\/haustierfreundliches-hotel\/\" style=\"color:#9e2a74;text-decoration:none;\">Details \u2192<\/a><\/span>\n    <\/div>\n  <\/div>\n<\/div>\n\n<!-- INTRO -->\n<section class=\"section-intro\">\n  <div class=\"fade-up\">\n    <p class=\"section-label\">Das Zimmer<\/p>\n    <h2 class=\"section-heading\">Platz f\u00fcr drei,<br><em>cleveres<\/em> Budget<\/h2>\n    <p class=\"section-body\">Ein wesentliches und gut organisiertes Zimmer mit gepflegten M\u00f6beln und allen notwendigen Ausstattungen f\u00fcr einen komfortablen Aufenthalt. Es verf\u00fcgt \u00fcber ein Doppelbett und auf Anfrage \u00fcber ein zus\u00e4tzliches Einzelbett \u2013 geeignet f\u00fcr bis zu drei Personen.<br><br>Es ist die ideale L\u00f6sung f\u00fcr alle, die das Zimmer als praktische Basis w\u00e4hrend des Urlaubs nutzen und das Budget im Rahmen halten m\u00f6chten, ohne auf ein sauberes und funktionales Zimmer zu verzichten. Das Zimmer verf\u00fcgt \u00fcber keinen Balkon und keinen Seeblick.<\/p>\n    <div class=\"note-box\">Unsere Economy-Dreibettzimmer sind drei: zwei befinden sich auf der Bergseite und eines auf der Talseite. Sie weisen sehr \u00e4hnliche Merkmale auf, mit gepflegten M\u00f6beln und derselben Grundausstattung. Sie k\u00f6nnen sich nur in der Ausrichtung und einigen kleinen internen Details unterscheiden. Die Zuteilung erfolgt nach Verf\u00fcgbarkeit; f\u00fcr etwaige W\u00fcnsche sind wir gerne bereit, diese zu ber\u00fccksichtigen.<\/div>\n  <\/div>\n  <div class=\"fade-up\" style=\"position:relative;\">\n    <img decoding=\"async\" src=\"https:\/\/hotelisolaverde.com\/wp-content\/uploads\/2026\/03\/7_2.avif\" alt=\"Economy Dreibettzimmer \u2013 Innenansicht\" style=\"width:100%;height:520px;object-fit:cover;border-radius:4px;\">\n    <div class=\"img-location-badge\">\n      <span class=\"loc-sub\">Gardasee<\/span>\n      <span class=\"loc-name\">Nago-Torbole (TN)<\/span>\n    <\/div>\n  <\/div>\n<\/section>\n\n<!-- SERVIZI -->\n<section class=\"servizi-section\">\n  <div class=\"servizi-inner\">\n    <div class=\"servizi-header\">\n      <div>\n        <p class=\"section-label\" style=\"color:#e95095;\">Ausstattung<\/p>\n        <h2 class=\"servizi-title\">Alles Wesentliche<br>f\u00fcr Ihren <em>Aufenthalt<\/em><\/h2>\n      <\/div>\n      <div>\n        <div class=\"servizi-line\"><\/div>\n        <p style=\"font-size:12px;font-weight:300;color:rgba(255,255,255,0.4);max-width:240px;text-align:right;\">Jedes Detail f\u00fcr einen komfortablen und sorgenfreien Aufenthalt<\/p>\n      <\/div>\n    <\/div>\n    <div class=\"servizi-grid\">\n      <div class=\"servizio-card\"><span class=\"servizio-icon\">\ud83d\udecf<\/span><div class=\"servizio-name\">Doppelbett<\/div><div class=\"servizio-desc\">+ Einzelbett auf Anfrage, bis 3 Personen<\/div><\/div>\n      <div class=\"servizio-card\"><span class=\"servizio-icon\">\ud83c\udfe0<\/span><div class=\"servizio-name\">Gepflegte Einrichtung<\/div><div class=\"servizio-desc\">Funktional und gut organisiert<\/div><\/div>\n      <div class=\"servizio-card\"><span class=\"servizio-icon\">\u2744<\/span><div class=\"servizio-name\">Klima & Heizung<\/div><div class=\"servizio-desc\">Klimaanlage und Heizung<\/div><\/div>\n      <div class=\"servizio-card\"><span class=\"servizio-icon\">\ud83d\udebf<\/span><div class=\"servizio-name\">Bad mit Dusche<\/div><div class=\"servizio-desc\">Willkommens-Pflegeset inklusive<\/div><\/div>\n      <div class=\"servizio-card\"><span class=\"servizio-icon\">\ud83e\uddca<\/span><div class=\"servizio-name\">Minibar<\/div><div class=\"servizio-desc\">Im Zimmer verf\u00fcgbar<\/div><\/div>\n      <div class=\"servizio-card\"><span class=\"servizio-icon\">\ud83d\udcfa<\/span><div class=\"servizio-name\">Flachbild-TV<\/div><div class=\"servizio-desc\">Unterhaltung griffbereit<\/div><\/div>\n      <div class=\"servizio-card\"><span class=\"servizio-icon\">\ud83d\udcf6<\/span><div class=\"servizio-name\">Kostenloses WLAN<\/div><div class=\"servizio-desc\">Hochgeschwindigkeitsverbindung<\/div><\/div>\n      <div class=\"servizio-card\"><span class=\"servizio-icon\">\ud83d\udd12<\/span><div class=\"servizio-name\">Safe<\/div><div class=\"servizio-desc\">Sicherheit f\u00fcr Ihre Wertsachen<\/div><\/div>\n    <\/div>\n  <\/div>\n<\/section>\n\n<!-- GALLERY -->\n<section class=\"gallery-section\">\n  <div class=\"gallery-header fade-up\">\n    <p class=\"section-label\">Galerie<\/p>\n    <h2 class=\"section-heading\" style=\"font-size:40px;margin-bottom:0;\">Das Zimmer in <em>Bildern<\/em><\/h2>\n  <\/div>\n  <div class=\"gallery-grid\">\n    <div class=\"gallery-item main\">\n      <img decoding=\"async\" src=\"https:\/\/hotelisolaverde.com\/wp-content\/uploads\/2026\/03\/8_1.avif\" alt=\"Economy Dreibettzimmer \u2013 Hauptansicht\">\n    <\/div>\n    <div class=\"gallery-item\">\n      <img decoding=\"async\" src=\"https:\/\/hotelisolaverde.com\/wp-content\/uploads\/2026\/03\/6_3.avif\" alt=\"Economy Dreibettzimmer \u2013 Detail\">\n    <\/div>\n    <div class=\"gallery-item\">\n      <img decoding=\"async\" src=\"https:\/\/hotelisolaverde.com\/wp-content\/uploads\/2026\/03\/5_3.avif\" alt=\"Economy Dreibettzimmer \u2013 Bad\">\n    <\/div>\n    <div class=\"gallery-item\">\n      <img decoding=\"async\" src=\"https:\/\/hotelisolaverde.com\/wp-content\/uploads\/2026\/03\/4_3.avif\" alt=\"Economy Dreibettzimmer \u2013 Ecke\">\n    <\/div>\n    <div class=\"gallery-more\">\n      <span>+5<\/span>\n      <small>weitere Fotos<\/small>\n    <\/div>\n  <\/div>\n<\/section>\n\n<!-- SPLIT CTA -->\n<div class=\"split-cta\">\n  <div class=\"split-left\">\n    <p class=\"section-label\">Preise<\/p>\n    <h2 class=\"section-heading\" style=\"font-size:36px;margin-bottom:0;color:#3c202e;\">Ihr Aufenthalt<br>am <em style=\"color:#9e2a74;\">Gardasee<\/em><\/h2>\n    <p class=\"price-from\">Ab<\/p>\n    <p class=\"price-value\"><sup>\u20ac<\/sup>79<\/p>\n    <p class=\"price-note\">pro Nacht \u00b7 Fr\u00fchst\u00fcck inklusive \u00b7 Preis je nach Saison<\/p>\n    <div style=\"display:flex;gap:12px;flex-wrap:wrap;\">\n      <a href=\"https:\/\/hotelisolaverde.bookpage.io\/de\" class=\"btn-primary\">Verf\u00fcgbarkeit pr\u00fcfen<\/a>\n      <a href=\"https:\/\/hotelisolaverde.com\/de\/angebotsanfrage\/\" class=\"btn-secondary\" style=\"background:transparent;color:#3c202e !important;border:1px solid #e8e0e5;\">Angebot anfragen<\/a>\n    <\/div>\n  <\/div>\n  <div class=\"split-right\">\n    <h2 class=\"split-right-title\">Bevorzugen Sie<br>ein Gespr\u00e4ch?<\/h2>\n    <p class=\"split-right-body\">Unser Team steht Ihnen jederzeit zur Verf\u00fcgung, um Ihre Fragen zu beantworten und Ihnen bei der Planung Ihres perfekten Aufenthalts am Gardasee zu helfen.<\/p>\n    <a href=\"https:\/\/hotelisolaverde.com\/de\/unverbindliche-anfrage\/\" class=\"btn-white\">Unverbindliche Anfrage<\/a>\n  <\/div>\n<\/div>\n\n<!-- ROOMS -->\n<section class=\"rooms-section\">\n  <div class=\"rooms-header fade-up\">\n    <div>\n      <p class=\"section-label\">Entdecken<\/p>\n      <h2 class=\"section-heading\" style=\"font-size:40px;margin-bottom:0;\">Weitere <em>Zimmer<\/em><\/h2>\n    <\/div>\n    <a href=\"https:\/\/hotelisolaverde.com\/de\/zimmer\/\" style=\"font-size:12px;font-weight:600;letter-spacing:0.12em;text-transform:uppercase;color:#9e2a74;text-decoration:none;\">Alle ansehen \u2192<\/a>\n  <\/div>\n  <div class=\"rooms-grid\">\n    <a href=\"https:\/\/hotelisolaverde.com\/de\/economy-doppelzimmer\/\" class=\"room-card\">\n      <div class=\"room-card-img\">\n        <img decoding=\"async\" src=\"https:\/\/hotelisolaverde.com\/wp-content\/uploads\/2026\/02\/1.avif\" alt=\"Economy Doppelzimmer\">\n        <div class=\"room-card-tag\">Economy<\/div>\n      <\/div>\n      <div class=\"room-card-body\">\n        <div class=\"room-card-name\">Economy Doppelzimmer<\/div>\n        <div class=\"room-card-desc\">Gleiche Kategorie f\u00fcr zwei Personen. Einfach, sauber und g\u00fcnstig.<\/div>\n        <div class=\"room-card-link\">Zimmer entdecken<\/div>\n      <\/div>\n    <\/a>\n    <a href=\"https:\/\/hotelisolaverde.com\/de\/standard-mit-balkon\/\" class=\"room-card\">\n      <div class=\"room-card-img\">\n        <img decoding=\"async\" src=\"https:\/\/hotelisolaverde.com\/wp-content\/uploads\/2026\/03\/11_1.avif\" alt=\"Standard mit Balkon\">\n        <div class=\"room-card-tag\">Standard<\/div>\n      <\/div>\n      <div class=\"room-card-body\">\n        <div class=\"room-card-name\">Standard mit Balkon<\/div>\n        <div class=\"room-card-desc\">Eine Stufe h\u00f6her: privater Balkon f\u00fcr die frische Seeluft.<\/div>\n        <div class=\"room-card-link\">Zimmer entdecken<\/div>\n      <\/div>\n    <\/a>\n    <a href=\"https:\/\/hotelisolaverde.com\/de\/komfort-mit-balkon-und-seeblick\/\" class=\"room-card\">\n      <div class=\"room-card-img\">\n        <img decoding=\"async\" src=\"https:\/\/hotelisolaverde.com\/wp-content\/uploads\/2026\/03\/9_3.avif\" alt=\"Komfort mit Seeblick\">\n        <div class=\"room-card-tag\">Komfort<\/div>\n      <\/div>\n      <div class=\"room-card-body\">\n        <div class=\"room-card-name\">Komfort mit Balkon und Seeblick<\/div>\n        <div class=\"room-card-desc\">Mehr Platz und seitlicher Seeblick vom Balkon.<\/div>\n        <div class=\"room-card-link\">Zimmer entdecken<\/div>\n      <\/div>\n    <\/a>\n  <\/div>\n<\/section>\n\n<script>\n  const obs = new IntersectionObserver(entries => {\n    entries.forEach(e => { if (e.isIntersecting) e.target.classList.add('visible'); });\n  }, { threshold: 0.1 });\n  document.querySelectorAll('.fade-up').forEach(el => obs.observe(el));\n<\/script>\n\n<!-- LIGHTBOX -->\n<div class=\"lb-overlay\" id=\"lightbox\" role=\"dialog\" aria-modal=\"true\">\n  <div class=\"lb-close\" id=\"lb-close\" title=\"Schlie\u00dfen\">\u2715<\/div>\n  <div class=\"lb-counter\" id=\"lb-counter\">1 \/ 9<\/div>\n  <div class=\"lb-main\">\n    <div class=\"lb-arrow prev\" id=\"lb-prev\">&#8592;<\/div>\n    <div class=\"lb-img-wrap\">\n      <img decoding=\"async\" id=\"lb-img\" src=\"\" alt=\"Economy Dreibettzimmer\">\n    <\/div>\n    <div class=\"lb-arrow next\" id=\"lb-next\">&#8594;<\/div>\n  <\/div>\n  <div class=\"lb-thumbs\" id=\"lb-thumbs\"><\/div>\n<\/div>\n\n<script>\n(function() {\n  var images = [\n    { src: 'https:\/\/hotelisolaverde.com\/wp-content\/uploads\/2026\/03\/8_1.avif', alt: 'Economy Dreibett \u2013 Ansicht 1' },\n    { src: 'https:\/\/hotelisolaverde.com\/wp-content\/uploads\/2026\/03\/7_2.avif', alt: 'Economy Dreibett \u2013 Ansicht 2' },\n    { src: 'https:\/\/hotelisolaverde.com\/wp-content\/uploads\/2026\/03\/6_3.avif', alt: 'Economy Dreibett \u2013 Ansicht 3' },\n    { src: 'https:\/\/hotelisolaverde.com\/wp-content\/uploads\/2026\/03\/5_3.avif', alt: 'Economy Dreibett \u2013 Ansicht 4' },\n    { src: 'https:\/\/hotelisolaverde.com\/wp-content\/uploads\/2026\/03\/4_3.avif', alt: 'Economy Dreibett \u2013 Ansicht 5' },\n    { src: 'https:\/\/hotelisolaverde.com\/wp-content\/uploads\/2026\/03\/3_3.avif', alt: 'Economy Dreibett \u2013 Ansicht 6' },\n    { src: 'https:\/\/hotelisolaverde.com\/wp-content\/uploads\/2026\/03\/2_3.avif', alt: 'Economy Dreibett \u2013 Ansicht 7' },\n    { src: 'https:\/\/hotelisolaverde.com\/wp-content\/uploads\/2026\/03\/1_3.avif', alt: 'Economy Dreibett \u2013 Ansicht 8' },\n    { src: 'https:\/\/hotelisolaverde.com\/wp-content\/uploads\/2026\/03\/9_1.avif', alt: 'Economy Dreibett \u2013 Ansicht 9' }\n  ];\n  var current=0, lb=document.getElementById('lightbox'), lbImg=document.getElementById('lb-img'), lbCnt=document.getElementById('lb-counter'), lbThumbs=document.getElementById('lb-thumbs');\n  images.forEach(function(img,i){var t=document.createElement('div');t.className='lb-thumb'+(i===0?' active':'');t.innerHTML='<img decoding=\"async\" src=\"'+img.src+'\" alt=\"'+img.alt+'\">';t.addEventListener('click',function(){goTo(i);});lbThumbs.appendChild(t);});\n  function getThumbs(){return lbThumbs.querySelectorAll('.lb-thumb');}\n  function goTo(idx){idx=(idx+images.length)%images.length;lbImg.classList.add('fading');setTimeout(function(){current=idx;lbImg.src=images[idx].src;lbImg.alt=images[idx].alt;lbCnt.textContent=(idx+1)+' \/ '+images.length;getThumbs().forEach(function(t,i){t.classList.toggle('active',i===idx);});lbImg.classList.remove('fading');},200);}\n  function open(idx){current=idx;lb.classList.add('open');document.body.style.overflow='hidden';lbImg.src=images[idx].src;lbImg.alt=images[idx].alt;lbCnt.textContent=(idx+1)+' \/ '+images.length;getThumbs().forEach(function(t,i){t.classList.toggle('active',i===idx);});}\n  function close(){lb.classList.remove('open');document.body.style.overflow='';}\n  document.addEventListener('click',function(e){var item=e.target.closest('.gallery-item');if(!item)return;if(item.classList.contains('gallery-more')){open(4);}else{var items=Array.from(document.querySelectorAll('.gallery-item:not(.gallery-more)'));var idx=items.indexOf(item);if(idx>=0)open(idx);}});\n  document.getElementById('lb-prev').addEventListener('click',function(){goTo(current-1);});\n  document.getElementById('lb-next').addEventListener('click',function(){goTo(current+1);});\n  document.getElementById('lb-close').addEventListener('click',close);\n  lb.addEventListener('click',function(e){if(e.target===lb)close();});\n  document.addEventListener('keydown',function(e){if(!lb.classList.contains('open'))return;if(e.key==='ArrowLeft')goTo(current-1);if(e.key==='ArrowRight')goTo(current+1);if(e.key==='Escape')close();});\n})();\n<\/script>\n\n<\/body>\n<\/html><\/div><\/div><\/div><\/div><\/div><\/div><\/section>\n","protected":false},"excerpt":{"rendered":"Economy Dreibettzimmer \u2013 Hotel Isola Verde Zimmer EconomyDreibettzimmer Praktisch, funktional, g\u00fcnstig Ein wesentliches und gut organisiertes Zimmer mit gepflegten M\u00f6beln und allem, was Sie f\u00fcr einen komfortablen Aufenthalt ben\u00f6tigen. Ideal f\u00fcr alle, die die Unterkunft als praktische Basis nutzen und das Budget im Rahmen halten m\u00f6chten. Jetzt buchen Anfrage stellen Entdecken \ud83d\udecf Bis zu 3...","protected":false},"author":2,"featured_media":0,"parent":0,"menu_order":0,"comment_status":"closed","ping_status":"closed","template":"","meta":{"_acf_changed":false,"inline_featured_image":false,"_joinchat":[],"footnotes":""},"class_list":["post-3902","page","type-page","status-publish","hentry"],"acf":[],"yoast_head":"<!-- This site is optimized with the Yoast SEO plugin v25.4 - https:\/\/yoast.com\/wordpress\/plugins\/seo\/ -->\n<title>Economy-Dreibettzimmer - Hotel Isola Verde<\/title>\n<meta name=\"robots\" content=\"index, follow, max-snippet:-1, max-image-preview:large, max-video-preview:-1\" \/>\n<link rel=\"canonical\" href=\"https:\/\/hotelisolaverde.com\/de\/economy-dreibettzimmer\/\" \/>\n<meta property=\"og:locale\" content=\"de_DE\" \/>\n<meta property=\"og:type\" content=\"article\" \/>\n<meta property=\"og:title\" content=\"Economy-Dreibettzimmer - Hotel Isola Verde\" \/>\n<meta property=\"og:url\" content=\"https:\/\/hotelisolaverde.com\/de\/economy-dreibettzimmer\/\" \/>\n<meta property=\"og:site_name\" content=\"Hotel Isola Verde\" \/>\n<meta property=\"article:modified_time\" content=\"2026-04-27T10:34:21+00:00\" \/>\n<meta name=\"twitter:card\" content=\"summary_large_image\" \/>\n<meta name=\"twitter:label1\" content=\"Gesch\u00e4tzte Lesezeit\" \/>\n\t<meta name=\"twitter:data1\" content=\"1\u00a0Minute\" \/>\n<script type=\"application\/ld+json\" class=\"yoast-schema-graph\">{\"@context\":\"https:\/\/schema.org\",\"@graph\":[{\"@type\":\"WebPage\",\"@id\":\"https:\/\/hotelisolaverde.com\/de\/economy-dreibettzimmer\/\",\"url\":\"https:\/\/hotelisolaverde.com\/de\/economy-dreibettzimmer\/\",\"name\":\"Economy-Dreibettzimmer - Hotel Isola Verde\",\"isPartOf\":{\"@id\":\"https:\/\/hotelisolaverde.com\/#website\"},\"datePublished\":\"2025-12-11T12:13:15+00:00\",\"dateModified\":\"2026-04-27T10:34:21+00:00\",\"breadcrumb\":{\"@id\":\"https:\/\/hotelisolaverde.com\/de\/economy-dreibettzimmer\/#breadcrumb\"},\"inLanguage\":\"de\",\"potentialAction\":[{\"@type\":\"ReadAction\",\"target\":[\"https:\/\/hotelisolaverde.com\/de\/economy-dreibettzimmer\/\"]}]},{\"@type\":\"BreadcrumbList\",\"@id\":\"https:\/\/hotelisolaverde.com\/de\/economy-dreibettzimmer\/#breadcrumb\",\"itemListElement\":[{\"@type\":\"ListItem\",\"position\":1,\"name\":\"Home\",\"item\":\"https:\/\/hotelisolaverde.com\/\"},{\"@type\":\"ListItem\",\"position\":2,\"name\":\"Economy-Dreibettzimmer\"}]},{\"@type\":\"WebSite\",\"@id\":\"https:\/\/hotelisolaverde.com\/#website\",\"url\":\"https:\/\/hotelisolaverde.com\/\",\"name\":\"Hotel Isola Verde\",\"description\":\"Hotel Isola Verde\",\"potentialAction\":[{\"@type\":\"SearchAction\",\"target\":{\"@type\":\"EntryPoint\",\"urlTemplate\":\"https:\/\/hotelisolaverde.com\/?s={search_term_string}\"},\"query-input\":{\"@type\":\"PropertyValueSpecification\",\"valueRequired\":true,\"valueName\":\"search_term_string\"}}],\"inLanguage\":\"de\"}]}<\/script>\n<!-- \/ Yoast SEO plugin. -->","yoast_head_json":{"title":"Economy-Dreibettzimmer - Hotel Isola Verde","robots":{"index":"index","follow":"follow","max-snippet":"max-snippet:-1","max-image-preview":"max-image-preview:large","max-video-preview":"max-video-preview:-1"},"canonical":"https:\/\/hotelisolaverde.com\/de\/economy-dreibettzimmer\/","og_locale":"de_DE","og_type":"article","og_title":"Economy-Dreibettzimmer - Hotel Isola Verde","og_url":"https:\/\/hotelisolaverde.com\/de\/economy-dreibettzimmer\/","og_site_name":"Hotel Isola Verde","article_modified_time":"2026-04-27T10:34:21+00:00","twitter_card":"summary_large_image","twitter_misc":{"Gesch\u00e4tzte Lesezeit":"1\u00a0Minute"},"schema":{"@context":"https:\/\/schema.org","@graph":[{"@type":"WebPage","@id":"https:\/\/hotelisolaverde.com\/de\/economy-dreibettzimmer\/","url":"https:\/\/hotelisolaverde.com\/de\/economy-dreibettzimmer\/","name":"Economy-Dreibettzimmer - Hotel Isola Verde","isPartOf":{"@id":"https:\/\/hotelisolaverde.com\/#website"},"datePublished":"2025-12-11T12:13:15+00:00","dateModified":"2026-04-27T10:34:21+00:00","breadcrumb":{"@id":"https:\/\/hotelisolaverde.com\/de\/economy-dreibettzimmer\/#breadcrumb"},"inLanguage":"de","potentialAction":[{"@type":"ReadAction","target":["https:\/\/hotelisolaverde.com\/de\/economy-dreibettzimmer\/"]}]},{"@type":"BreadcrumbList","@id":"https:\/\/hotelisolaverde.com\/de\/economy-dreibettzimmer\/#breadcrumb","itemListElement":[{"@type":"ListItem","position":1,"name":"Home","item":"https:\/\/hotelisolaverde.com\/"},{"@type":"ListItem","position":2,"name":"Economy-Dreibettzimmer"}]},{"@type":"WebSite","@id":"https:\/\/hotelisolaverde.com\/#website","url":"https:\/\/hotelisolaverde.com\/","name":"Hotel Isola Verde","description":"Hotel Isola Verde","potentialAction":[{"@type":"SearchAction","target":{"@type":"EntryPoint","urlTemplate":"https:\/\/hotelisolaverde.com\/?s={search_term_string}"},"query-input":{"@type":"PropertyValueSpecification","valueRequired":true,"valueName":"search_term_string"}}],"inLanguage":"de"}]}},"_links":{"self":[{"href":"https:\/\/hotelisolaverde.com\/de\/wp-json\/wp\/v2\/pages\/3902","targetHints":{"allow":["GET"]}}],"collection":[{"href":"https:\/\/hotelisolaverde.com\/de\/wp-json\/wp\/v2\/pages"}],"about":[{"href":"https:\/\/hotelisolaverde.com\/de\/wp-json\/wp\/v2\/types\/page"}],"author":[{"embeddable":true,"href":"https:\/\/hotelisolaverde.com\/de\/wp-json\/wp\/v2\/users\/2"}],"replies":[{"embeddable":true,"href":"https:\/\/hotelisolaverde.com\/de\/wp-json\/wp\/v2\/comments?post=3902"}],"version-history":[{"count":9,"href":"https:\/\/hotelisolaverde.com\/de\/wp-json\/wp\/v2\/pages\/3902\/revisions"}],"predecessor-version":[{"id":5565,"href":"https:\/\/hotelisolaverde.com\/de\/wp-json\/wp\/v2\/pages\/3902\/revisions\/5565"}],"wp:attachment":[{"href":"https:\/\/hotelisolaverde.com\/de\/wp-json\/wp\/v2\/media?parent=3902"}],"curies":[{"name":"wp","href":"https:\/\/api.w.org\/{rel}","templated":true}]}}