{"id":4480,"date":"2026-03-13T11:44:02","date_gmt":"2026-03-13T10:44:02","guid":{"rendered":"https:\/\/hotelisolaverde.com\/?page_id=4480"},"modified":"2026-03-13T11:44:03","modified_gmt":"2026-03-13T10:44:03","slug":"dreizimmerwohnung","status":"publish","type":"page","link":"https:\/\/hotelisolaverde.com\/de\/dreizimmerwohnung\/","title":{"rendered":"DREIZIMMERWOHNUNG"},"content":{"rendered":"<section class=\"l-section wpb_row height_medium full_height valign_center with_img\"><div class=\"l-section-img\" role=\"img\" data-img-width=\"2000\" data-img-height=\"1545\" style=\"background-image: url(https:\/\/hotelisolaverde.com\/wp-content\/uploads\/2026\/03\/5.avif);\"><\/div><div class=\"l-section-h i-cf\"><div class=\"g-cols vc_row via_flex valign_top type_default stacking_default\"><div class=\"vc_col-sm-12 wpb_column vc_column_container\"><div class=\"vc_column-inner\"><div class=\"wpb_wrapper\"><\/div><\/div><\/div><\/div><\/div><\/section><section class=\"l-section wpb_row height_medium\"><div class=\"l-section-h i-cf\"><div class=\"g-cols vc_row via_flex valign_top type_default stacking_default\"><div class=\"vc_col-sm-12 wpb_column vc_column_container\"><div class=\"vc_column-inner us_custom_60e9caca us_animate_this\"><div class=\"wpb_wrapper\"><div class=\"wpb_text_column us_custom_539f15ee\"><div class=\"wpb_wrapper\"><h1>Drei-Zimmer-<span style=\"color: #9e2a74;\">Apartment<\/span><\/h1>\n<\/p>\n<h2>Mit Garten und Seeblick<\/h2>\n<\/div><\/div><div class=\"wpb_text_column us_custom_a5c88937\"><div class=\"wpb_wrapper\"><p data-start=\"165\" data-end=\"478\">Eine gro\u00dfz\u00fcgige und helle L\u00f6sung mit klar getrennten Bereichen: ein Schlafzimmer mit Doppelbett, ein zweites Schlafzimmer mit zwei Einzelbetten sowie ein Wohnbereich mit voll ausgestatteter K\u00fcche.<br data-start=\"330\" data-end=\"333\" \/>Die R\u00e4ume sind darauf ausgelegt, Autonomie und Komfort zu gew\u00e4hrleisten \u2013 ideal f\u00fcr Familien oder f\u00fcr alle, die ihren Aufenthalt mit gr\u00f6\u00dferer Unabh\u00e4ngigkeit genie\u00dfen m\u00f6chten.<\/p>\n<\/p>\n<p data-start=\"480\" data-end=\"682\">Das Apartment verf\u00fcgt \u00fcber ein Badezimmer mit Dusche, eine Terrasse mit frontalem Seeblick sowie einen privaten Garten und bietet eine funktionale und gesch\u00fctzte Umgebung mit der M\u00f6glichkeit, die Serviceleistungen des Hotels zu nutzen.<\/p>\n<\/div><\/div><div class=\"w-html\"><div class=\"camera-services\">\r\n  <h3>Ausstattung des Apartments<\/h3>\r\n  <ul>\r\n    <li><span>Private Terrasse mit frontalem Seeblick<\/span><\/li>\r\n    <li><span>Privater Garten<\/span><\/li>\r\n    <li><span>Zwei Schlafzimmer: eines mit Doppelbett und eines mit zwei Einzelbetten<\/span><\/li>\r\n    <li><span>Voll ausgestattete K\u00fcche mit Mikrowelle, Wasserkocher, Kaffeemaschine und K\u00fcchenutensilien<\/span><\/li>\r\n    <li><span>Wohnbereich mit K\u00fcche<\/span><\/li>\r\n    <li><span>Badezimmer mit Dusche und Pflegeprodukten<\/span><\/li>\r\n    <li><span>Klimaanlage und Heizung<\/span><\/li>\r\n    <li><span>Flachbild-TV und kostenloses WLAN<\/span><\/li>\r\n    <li><span>Safe<\/span><\/li>\r\n    <li><span>Zugang zu den Hotelleistungen (Pool, Whirlpool nach Reservierung, Spielzimmer)<\/span><\/li>\r\n  <\/ul>\r\n<\/div><\/div><div class=\"w-html\"><div class=\"note-camera\">\r\n  <p style=\"font-size:18px; line-height:1.55;\">\r\n    Das Apartment ist eine unabh\u00e4ngige Einheit in einer Dependance des Hotels, \r\n    erreichbar \u00fcber zwei Treppenl\u00e4ufe und nicht mit einem Aufzug ausgestattet. \r\n    Es bietet mehr Autonomie dank der voll ausgestatteten K\u00fcche und der getrennten R\u00e4ume, \r\n    erm\u00f6glicht jedoch gleichzeitig die Nutzung der Hotelleistungen wie Pool, Whirlpool nach Reservierung und Spielzimmer. \r\n    Das Fr\u00fchst\u00fcck ist nicht im Preis inbegriffen, kann jedoch auf Anfrage zum Preis von 10 \u20ac pro Person und Tag hinzugebucht werden.\r\n  <\/p>\r\n<\/div><\/div><\/div><\/div><\/div><\/div><\/div><\/section><section class=\"l-section wpb_row height_medium\"><div class=\"l-section-h i-cf\"><div class=\"g-cols vc_row via_flex valign_top type_default stacking_default\"><div class=\"vc_col-sm-12 wpb_column vc_column_container\"><div class=\"vc_column-inner\"><div class=\"wpb_wrapper\"><div class=\"w-grid type_carousel layout_gallery_default items_3\" id=\"us_grid_1\" style=\"--items:3;--gap:20px;\"><style>.layout_gallery_default .w-grid-item-h{}<\/style><div class=\"w-grid-list owl-carousel valign_stretch dotstyle_circle navstyle_circle navpos_outside owl-responsive-2000 with_arrows\" style=\"--transition-duration:350ms;--arrows-size:1.5rem;\">\t<article class=\"w-grid-item post-4636 attachment type-attachment status-inherit hentry\" data-id=\"4636\">\r\n\t\t<div class=\"w-grid-item-h\">\r\n\t\t\t\t\t\t<div class=\"w-post-elm post_image usg_post_image_1 stretched\"><img loading=\"lazy\" decoding=\"async\" width=\"1165\" height=\"900\" src=\"https:\/\/hotelisolaverde.com\/wp-content\/uploads\/2026\/03\/7.avif\" class=\"attachment-us_1280_900_crop size-us_1280_900_crop\" alt=\"\" \/><\/div>\t\t<\/div>\r\n\t\t\t<\/article>\r\n\t<article class=\"w-grid-item post-4639 attachment type-attachment status-inherit hentry\" data-id=\"4639\">\r\n\t\t<div class=\"w-grid-item-h\">\r\n\t\t\t\t\t\t<div class=\"w-post-elm post_image usg_post_image_1 stretched\"><img loading=\"lazy\" decoding=\"async\" width=\"1165\" height=\"900\" src=\"https:\/\/hotelisolaverde.com\/wp-content\/uploads\/2026\/03\/8.avif\" class=\"attachment-us_1280_900_crop size-us_1280_900_crop\" alt=\"\" \/><\/div>\t\t<\/div>\r\n\t\t\t<\/article>\r\n\t<article class=\"w-grid-item post-4633 attachment type-attachment status-inherit hentry\" data-id=\"4633\">\r\n\t\t<div class=\"w-grid-item-h\">\r\n\t\t\t\t\t\t<div class=\"w-post-elm post_image usg_post_image_1 stretched\"><img loading=\"lazy\" decoding=\"async\" width=\"1165\" height=\"900\" src=\"https:\/\/hotelisolaverde.com\/wp-content\/uploads\/2026\/03\/6.avif\" class=\"attachment-us_1280_900_crop size-us_1280_900_crop\" alt=\"\" \/><\/div>\t\t<\/div>\r\n\t\t\t<\/article>\r\n\t<article class=\"w-grid-item post-4630 attachment type-attachment status-inherit hentry\" data-id=\"4630\">\r\n\t\t<div class=\"w-grid-item-h\">\r\n\t\t\t\t\t\t<div class=\"w-post-elm post_image usg_post_image_1 stretched\"><img loading=\"lazy\" decoding=\"async\" width=\"1165\" height=\"900\" src=\"https:\/\/hotelisolaverde.com\/wp-content\/uploads\/2026\/03\/5.avif\" class=\"attachment-us_1280_900_crop size-us_1280_900_crop\" alt=\"\" \/><\/div>\t\t<\/div>\r\n\t\t\t<\/article>\r\n\t<article class=\"w-grid-item post-4627 attachment type-attachment status-inherit hentry\" data-id=\"4627\">\r\n\t\t<div class=\"w-grid-item-h\">\r\n\t\t\t\t\t\t<div class=\"w-post-elm post_image usg_post_image_1 stretched\"><img loading=\"lazy\" decoding=\"async\" width=\"1165\" height=\"900\" src=\"https:\/\/hotelisolaverde.com\/wp-content\/uploads\/2026\/03\/4_1.avif\" class=\"attachment-us_1280_900_crop size-us_1280_900_crop\" alt=\"\" \/><\/div>\t\t<\/div>\r\n\t\t\t<\/article>\r\n\t<article class=\"w-grid-item post-4624 attachment type-attachment status-inherit hentry\" data-id=\"4624\">\r\n\t\t<div class=\"w-grid-item-h\">\r\n\t\t\t\t\t\t<div class=\"w-post-elm post_image usg_post_image_1 stretched\"><img loading=\"lazy\" decoding=\"async\" width=\"1165\" height=\"900\" src=\"https:\/\/hotelisolaverde.com\/wp-content\/uploads\/2026\/03\/3_1.avif\" class=\"attachment-us_1280_900_crop size-us_1280_900_crop\" alt=\"\" \/><\/div>\t\t<\/div>\r\n\t\t\t<\/article>\r\n\t<article class=\"w-grid-item post-4621 attachment type-attachment status-inherit hentry\" data-id=\"4621\">\r\n\t\t<div class=\"w-grid-item-h\">\r\n\t\t\t\t\t\t<div class=\"w-post-elm post_image usg_post_image_1 stretched\"><img loading=\"lazy\" decoding=\"async\" width=\"1165\" height=\"900\" src=\"https:\/\/hotelisolaverde.com\/wp-content\/uploads\/2026\/03\/2_1.avif\" class=\"attachment-us_1280_900_crop size-us_1280_900_crop\" alt=\"\" \/><\/div>\t\t<\/div>\r\n\t\t\t<\/article>\r\n\t<article class=\"w-grid-item post-4618 attachment type-attachment status-inherit hentry\" data-id=\"4618\">\r\n\t\t<div class=\"w-grid-item-h\">\r\n\t\t\t\t\t\t<div class=\"w-post-elm post_image usg_post_image_1 stretched\"><img loading=\"lazy\" decoding=\"async\" width=\"1165\" height=\"900\" src=\"https:\/\/hotelisolaverde.com\/wp-content\/uploads\/2026\/03\/1.avif\" class=\"attachment-us_1280_900_crop size-us_1280_900_crop\" alt=\"\" \/><\/div>\t\t<\/div>\r\n\t\t\t<\/article>\r\n<\/div>\t<div class=\"g-preloader type_custom\">\r\n\t\t<div><img loading=\"lazy\" decoding=\"async\" width=\"300\" height=\"300\" src=\"https:\/\/hotelisolaverde.com\/wp-content\/uploads\/2020\/12\/logotondo-isolaverde.svg\" class=\"attachment-medium size-medium\" alt=\"\" \/><\/div>\r\n\t<\/div>\r\n\t\t<div class=\"w-grid-json hidden\" onclick='return {&quot;action&quot;:&quot;us_ajax_grid&quot;,&quot;infinite_scroll&quot;:0,&quot;max_num_pages&quot;:1,&quot;pagination&quot;:&quot;none&quot;,&quot;template_vars&quot;:{&quot;columns&quot;:&quot;&quot;,&quot;exclude_items&quot;:&quot;none&quot;,&quot;img_size&quot;:&quot;us_1280_900_crop&quot;,&quot;ignore_items_size&quot;:0,&quot;items_layout&quot;:&quot;gallery_default&quot;,&quot;items_offset&quot;:&quot;15px&quot;,&quot;load_animation&quot;:&quot;none&quot;,&quot;overriding_link&quot;:&quot;{\\&quot;url\\&quot;:\\&quot;\\&quot;}&quot;,&quot;post_id&quot;:0,&quot;query_args&quot;:{&quot;post_type&quot;:[&quot;attachment&quot;],&quot;post__in&quot;:[&quot;4634&quot;,&quot;4637&quot;,&quot;4631&quot;,&quot;4628&quot;,&quot;4625&quot;,&quot;4622&quot;,&quot;4619&quot;,&quot;4616&quot;],&quot;post_status&quot;:&quot;inherit&quot;,&quot;post_mime_type&quot;:&quot;image&quot;,&quot;posts_per_page&quot;:&quot;40&quot;},&quot;orderby_query_args&quot;:{&quot;orderby&quot;:{&quot;post__in&quot;:&quot;ASC&quot;},&quot;order&quot;:&quot;ASC&quot;},&quot;type&quot;:&quot;carousel&quot;,&quot;us_grid_post_type&quot;:&quot;attachment&quot;,&quot;us_grid_ajax_index&quot;:1,&quot;us_grid_filter_query_string&quot;:null,&quot;us_grid_index&quot;:1,&quot;page_args&quot;:[],&quot;lang&quot;:&quot;de&quot;},&quot;carousel_settings&quot;:{&quot;aria_labels&quot;:{&quot;prev&quot;:&quot;Zur\\u00fcck&quot;,&quot;next&quot;:&quot;Weiter&quot;},&quot;autoplayContinual&quot;:false,&quot;autoplayHoverPause&quot;:false,&quot;autoplayTimeout&quot;:3000,&quot;autoWidth&quot;:false,&quot;smartSpeed&quot;:350,&quot;margin&quot;:0,&quot;mouseDrag&quot;:true,&quot;rtl&quot;:false,&quot;slideBy&quot;:&quot;1&quot;,&quot;touchDrag&quot;:true,&quot;slideTransition&quot;:&quot;&quot;,&quot;responsive&quot;:{&quot;0&quot;:{&quot;autoHeight&quot;:false,&quot;autoplay&quot;:false,&quot;autoWidth&quot;:false,&quot;center&quot;:false,&quot;dots&quot;:false,&quot;items&quot;:1,&quot;loop&quot;:false,&quot;nav&quot;:false,&quot;stagePadding&quot;:0,&quot;slideBy&quot;:&quot;1&quot;},&quot;601&quot;:{&quot;autoHeight&quot;:false,&quot;autoplay&quot;:false,&quot;autoWidth&quot;:false,&quot;center&quot;:false,&quot;dots&quot;:false,&quot;items&quot;:1,&quot;loop&quot;:false,&quot;nav&quot;:false,&quot;stagePadding&quot;:0,&quot;slideBy&quot;:&quot;1&quot;},&quot;1281&quot;:{&quot;items&quot;:3,&quot;autoplay&quot;:true,&quot;center&quot;:false,&quot;dots&quot;:false,&quot;nav&quot;:true,&quot;autoHeight&quot;:false,&quot;autoWidth&quot;:false,&quot;loop&quot;:true,&quot;stagePadding&quot;:15}}}}'><\/div>\r\n\t<\/div><\/div><\/div><\/div><\/div><\/div><\/section>\n","protected":false},"excerpt":{"rendered":"","protected":false},"author":2,"featured_media":0,"parent":0,"menu_order":0,"comment_status":"closed","ping_status":"closed","template":"","meta":{"_acf_changed":false,"inline_featured_image":false,"_joinchat":[],"footnotes":""},"class_list":["post-4480","page","type-page","status-publish","hentry"],"acf":[],"yoast_head":"<!-- This site is optimized with the Yoast SEO plugin v25.4 - https:\/\/yoast.com\/wordpress\/plugins\/seo\/ -->\n<title>DREIZIMMERWOHNUNG - Hotel Isola Verde<\/title>\n<meta name=\"robots\" content=\"index, follow, max-snippet:-1, max-image-preview:large, max-video-preview:-1\" \/>\n<link rel=\"canonical\" href=\"https:\/\/hotelisolaverde.com\/de\/dreizimmerwohnung\/\" \/>\n<meta property=\"og:locale\" content=\"de_DE\" \/>\n<meta property=\"og:type\" content=\"article\" \/>\n<meta property=\"og:title\" content=\"DREIZIMMERWOHNUNG - Hotel Isola Verde\" \/>\n<meta property=\"og:url\" content=\"https:\/\/hotelisolaverde.com\/de\/dreizimmerwohnung\/\" \/>\n<meta property=\"og:site_name\" content=\"Hotel Isola Verde\" \/>\n<meta property=\"article:modified_time\" content=\"2026-03-13T10:44:03+00:00\" \/>\n<meta name=\"twitter:card\" content=\"summary_large_image\" \/>\n<meta name=\"twitter:label1\" content=\"Gesch\u00e4tzte Lesezeit\" \/>\n\t<meta name=\"twitter:data1\" content=\"1\u00a0Minute\" \/>\n<script type=\"application\/ld+json\" class=\"yoast-schema-graph\">{\"@context\":\"https:\/\/schema.org\",\"@graph\":[{\"@type\":\"WebPage\",\"@id\":\"https:\/\/hotelisolaverde.com\/de\/dreizimmerwohnung\/\",\"url\":\"https:\/\/hotelisolaverde.com\/de\/dreizimmerwohnung\/\",\"name\":\"DREIZIMMERWOHNUNG - Hotel Isola Verde\",\"isPartOf\":{\"@id\":\"https:\/\/hotelisolaverde.com\/#website\"},\"datePublished\":\"2026-03-13T10:44:02+00:00\",\"dateModified\":\"2026-03-13T10:44:03+00:00\",\"breadcrumb\":{\"@id\":\"https:\/\/hotelisolaverde.com\/de\/dreizimmerwohnung\/#breadcrumb\"},\"inLanguage\":\"de\",\"potentialAction\":[{\"@type\":\"ReadAction\",\"target\":[\"https:\/\/hotelisolaverde.com\/de\/dreizimmerwohnung\/\"]}]},{\"@type\":\"BreadcrumbList\",\"@id\":\"https:\/\/hotelisolaverde.com\/de\/dreizimmerwohnung\/#breadcrumb\",\"itemListElement\":[{\"@type\":\"ListItem\",\"position\":1,\"name\":\"Home\",\"item\":\"https:\/\/hotelisolaverde.com\/\"},{\"@type\":\"ListItem\",\"position\":2,\"name\":\"DREIZIMMERWOHNUNG\"}]},{\"@type\":\"WebSite\",\"@id\":\"https:\/\/hotelisolaverde.com\/#website\",\"url\":\"https:\/\/hotelisolaverde.com\/\",\"name\":\"Hotel Isola Verde\",\"description\":\"Hotel Isola Verde\",\"potentialAction\":[{\"@type\":\"SearchAction\",\"target\":{\"@type\":\"EntryPoint\",\"urlTemplate\":\"https:\/\/hotelisolaverde.com\/?s={search_term_string}\"},\"query-input\":{\"@type\":\"PropertyValueSpecification\",\"valueRequired\":true,\"valueName\":\"search_term_string\"}}],\"inLanguage\":\"de\"}]}<\/script>\n<!-- \/ Yoast SEO plugin. -->","yoast_head_json":{"title":"DREIZIMMERWOHNUNG - Hotel Isola Verde","robots":{"index":"index","follow":"follow","max-snippet":"max-snippet:-1","max-image-preview":"max-image-preview:large","max-video-preview":"max-video-preview:-1"},"canonical":"https:\/\/hotelisolaverde.com\/de\/dreizimmerwohnung\/","og_locale":"de_DE","og_type":"article","og_title":"DREIZIMMERWOHNUNG - Hotel Isola Verde","og_url":"https:\/\/hotelisolaverde.com\/de\/dreizimmerwohnung\/","og_site_name":"Hotel Isola Verde","article_modified_time":"2026-03-13T10:44:03+00:00","twitter_card":"summary_large_image","twitter_misc":{"Gesch\u00e4tzte Lesezeit":"1\u00a0Minute"},"schema":{"@context":"https:\/\/schema.org","@graph":[{"@type":"WebPage","@id":"https:\/\/hotelisolaverde.com\/de\/dreizimmerwohnung\/","url":"https:\/\/hotelisolaverde.com\/de\/dreizimmerwohnung\/","name":"DREIZIMMERWOHNUNG - Hotel Isola Verde","isPartOf":{"@id":"https:\/\/hotelisolaverde.com\/#website"},"datePublished":"2026-03-13T10:44:02+00:00","dateModified":"2026-03-13T10:44:03+00:00","breadcrumb":{"@id":"https:\/\/hotelisolaverde.com\/de\/dreizimmerwohnung\/#breadcrumb"},"inLanguage":"de","potentialAction":[{"@type":"ReadAction","target":["https:\/\/hotelisolaverde.com\/de\/dreizimmerwohnung\/"]}]},{"@type":"BreadcrumbList","@id":"https:\/\/hotelisolaverde.com\/de\/dreizimmerwohnung\/#breadcrumb","itemListElement":[{"@type":"ListItem","position":1,"name":"Home","item":"https:\/\/hotelisolaverde.com\/"},{"@type":"ListItem","position":2,"name":"DREIZIMMERWOHNUNG"}]},{"@type":"WebSite","@id":"https:\/\/hotelisolaverde.com\/#website","url":"https:\/\/hotelisolaverde.com\/","name":"Hotel Isola Verde","description":"Hotel Isola Verde","potentialAction":[{"@type":"SearchAction","target":{"@type":"EntryPoint","urlTemplate":"https:\/\/hotelisolaverde.com\/?s={search_term_string}"},"query-input":{"@type":"PropertyValueSpecification","valueRequired":true,"valueName":"search_term_string"}}],"inLanguage":"de"}]}},"_links":{"self":[{"href":"https:\/\/hotelisolaverde.com\/de\/wp-json\/wp\/v2\/pages\/4480","targetHints":{"allow":["GET"]}}],"collection":[{"href":"https:\/\/hotelisolaverde.com\/de\/wp-json\/wp\/v2\/pages"}],"about":[{"href":"https:\/\/hotelisolaverde.com\/de\/wp-json\/wp\/v2\/types\/page"}],"author":[{"embeddable":true,"href":"https:\/\/hotelisolaverde.com\/de\/wp-json\/wp\/v2\/users\/2"}],"replies":[{"embeddable":true,"href":"https:\/\/hotelisolaverde.com\/de\/wp-json\/wp\/v2\/comments?post=4480"}],"version-history":[{"count":7,"href":"https:\/\/hotelisolaverde.com\/de\/wp-json\/wp\/v2\/pages\/4480\/revisions"}],"predecessor-version":[{"id":4961,"href":"https:\/\/hotelisolaverde.com\/de\/wp-json\/wp\/v2\/pages\/4480\/revisions\/4961"}],"wp:attachment":[{"href":"https:\/\/hotelisolaverde.com\/de\/wp-json\/wp\/v2\/media?parent=4480"}],"curies":[{"name":"wp","href":"https:\/\/api.w.org\/{rel}","templated":true}]}}