{"id":5355,"date":"2026-03-14T17:17:43","date_gmt":"2026-03-14T16:17:43","guid":{"rendered":"https:\/\/hotelisolaverde.com\/faq-hotel-isola-verde\/"},"modified":"2026-03-14T17:20:13","modified_gmt":"2026-03-14T16:20:13","slug":"faq-hotel-isola-verde","status":"publish","type":"page","link":"https:\/\/hotelisolaverde.com\/de\/faq-hotel-isola-verde\/","title":{"rendered":"FAQ Hotel Isola Verde"},"content":{"rendered":"<section class=\"l-section wpb_row us_custom_be496064 height_medium\"><div class=\"l-section-h i-cf\"><div class=\"g-cols vc_row via_flex valign_top type_default stacking_default\"><div class=\"vc_col-sm-12 wpb_column vc_column_container\"><div class=\"vc_column-inner\"><div class=\"wpb_wrapper\"><div class=\"w-html\"><header class=\"faq-hero\">\r\n  <p class=\"faq-hero__label\">Hotel Isola Verde \u00b7 Torbole \u00b7 Gardasee<\/p>\r\n  <h1 class=\"faq-hero__title\">H\u00e4ufig gestellte Fragen<\/h1>\r\n  <p class=\"faq-hero__sub\">Alles, was Sie vor Ihrem Aufenthalt bei uns wissen m\u00f6chten.<\/p>\r\n<\/header><\/div><\/div><\/div><\/div><\/div><\/div><\/section><section class=\"l-section wpb_row height_medium\"><div class=\"l-section-h i-cf\"><div class=\"g-cols vc_row via_flex valign_top type_default stacking_default\"><div class=\"vc_col-sm-12 wpb_column vc_column_container stretched\"><div class=\"vc_column-inner\"><div class=\"wpb_wrapper\"><div class=\"w-html\"><main class=\"wrap\">\n\n  <!-- \u2500\u2500 Lage & Panorama \u2500\u2500 -->\n  <section class=\"cat\">\n    <div class=\"cat__head\">\n      <div class=\"cat__icon\">\ud83d\udccd<\/div>\n      <h2 class=\"cat__name\">Lage &amp; Panorama<\/h2>\n    <\/div>\n\n    <div class=\"faq-item\">\n      <input class=\"faq-toggle\" type=\"checkbox\" id=\"de-p1\">\n      <label class=\"faq-q\" for=\"de-p1\">Hat das Hotel Isola Verde einen Blick auf den Gardasee?<span class=\"ico\"><\/span><\/label>\n      <div class=\"faq-body\"><div class=\"faq-body__inner\">Ja. Das Hotel Isola Verde befindet sich in einer <a href=\"https:\/\/hotelisolaverde.com\/de\/hotel-panoramico-lago-di-garda\/\" target=\"_blank\">Panoramalage oberhalb von Torbole<\/a> und viele Zimmer bieten einen Balkon mit Blick auf den Gardasee. Auch Pool und Garten genie\u00dfen einen wundersch\u00f6nen Seeblick.<\/div><\/div>\n    <\/div>\n\n    <div class=\"faq-item\">\n      <input class=\"faq-toggle\" type=\"checkbox\" id=\"de-p2\">\n      <label class=\"faq-q\" for=\"de-p2\">Wo genau befindet sich das Hotel Isola Verde?<span class=\"ico\"><\/span><\/label>\n      <div class=\"faq-body\"><div class=\"faq-body__inner\">Das Hotel befindet sich in <strong>Nago-Torbole<\/strong>, auf der malerischen Anh\u00f6he oberhalb des St\u00e4dtchens Torbole am Gardasee. Die Lage bietet Ruhe, Natur und einen offenen Blick auf den See. Weitere Informationen finden Sie auf unserer Seite <a href=\"https:\/\/hotelisolaverde.com\/de\/lage\/\" target=\"_blank\">Lage<\/a> oder lesen Sie, warum unsere <a href=\"https:\/\/hotelisolaverde.com\/de\/hotel-panoramico-lago-di-garda\/\" target=\"_blank\">Panoramalage in Nago-Torbole<\/a> ein Vorteil gegen\u00fcber Unterk\u00fcnften direkt am Seeufer ist.<\/div><\/div>\n    <\/div>\n\n    <div class=\"faq-item\">\n      <input class=\"faq-toggle\" type=\"checkbox\" id=\"de-p3\">\n      <label class=\"faq-q\" for=\"de-p3\">Wie weit ist das Hotel vom Zentrum Torboles entfernt?<span class=\"ico\"><\/span><\/label>\n      <div class=\"faq-body\"><div class=\"faq-body__inner\">Das Zentrum von Torbole und der Seeufer sind in etwa <strong>5 Minuten mit dem Auto<\/strong> erreichbar. Dank der <a href=\"https:\/\/hotelisolaverde.com\/de\/hotel-panoramico-lago-di-garda\/\" target=\"_blank\">erh\u00f6hten Lage am Gardasee<\/a> bietet das Hotel eine Panoramaaussicht und eine ruhigere Atmosph\u00e4re als Unterk\u00fcnfte direkt am Ufer.<\/div><\/div>\n    <\/div>\n\n    <div class=\"faq-item\">\n      <input class=\"faq-toggle\" type=\"checkbox\" id=\"de-p4\">\n      <label class=\"faq-q\" for=\"de-p4\">Wie weit ist Riva del Garda vom Hotel entfernt?<span class=\"ico\"><\/span><\/label>\n      <div class=\"faq-body\"><div class=\"faq-body__inner\">Riva del Garda liegt ca. <strong>10 Autominuten<\/strong> vom Hotel Isola Verde entfernt. Sie ist auch bequem mit dem Fahrrad \u00fcber den Radweg erreichbar, der Torbole und Riva entlang des Sees verbindet. Unsere Lage in <a href=\"https:\/\/hotelisolaverde.com\/de\/hotel-panoramico-lago-di-garda\/\" target=\"_blank\">Nago-Torbole<\/a> ist ideal, um beide Orte zu erreichen.<\/div><\/div>\n    <\/div>\n\n    <div class=\"faq-item\">\n      <input class=\"faq-toggle\" type=\"checkbox\" id=\"de-p5\">\n      <label class=\"faq-q\" for=\"de-p5\">Kann ich Riva del Garda bei einem Aufenthalt bei Ihnen besuchen?<span class=\"ico\"><\/span><\/label>\n      <div class=\"faq-body\"><div class=\"faq-body__inner\">Selbstverst\u00e4ndlich. Viele G\u00e4ste w\u00e4hlen unser Hotel genau wegen seiner Lage zwischen Torbole, Riva del Garda und Arco \u2013 ideal, um diese Orte zu besuchen und gleichzeitig das einzigartige Panorama auf den Gardasee zu genie\u00dfen. Entdecken Sie alle Vorteile eines Aufenthalts in einem <a href=\"https:\/\/hotelisolaverde.com\/de\/hotel-panoramico-lago-di-garda\/\" target=\"_blank\">Panoramahotel am Gardasee<\/a>.<\/div><\/div>\n    <\/div>\n  <\/section>\n\n  <!-- \u2500\u2500 Zimmer \u2500\u2500 -->\n  <section class=\"cat\">\n    <div class=\"cat__head\">\n      <div class=\"cat__icon\">\ud83d\udecf<\/div>\n      <h2 class=\"cat__name\">Zimmer<\/h2>\n    <\/div>\n\n    <div class=\"faq-item\">\n      <input class=\"faq-toggle\" type=\"checkbox\" id=\"de-c1\">\n      <label class=\"faq-q\" for=\"de-c1\">Haben alle Zimmer Seeblick?<span class=\"ico\"><\/span><\/label>\n      <div class=\"faq-body\"><div class=\"faq-body__inner\">Nicht alle. Manche Zimmer haben Gartenblick oder teilweisen Seeblick, w\u00e4hrend die Kategorien <a href=\"https:\/\/hotelisolaverde.com\/de\/komfort-mit-balkon-und-seeblick\/\" target=\"_blank\">Komfort<\/a>, <a href=\"https:\/\/hotelisolaverde.com\/de\/superior-mit-seeblick\/\" target=\"_blank\">Superior<\/a> und <a href=\"https:\/\/hotelisolaverde.com\/de\/junior-suite-mit-seeblick\/\" target=\"_blank\">Junior Suite<\/a> \u00fcber einen Balkon mit herrlichem Seeblick verf\u00fcgen. Alle Optionen finden Sie auf der Seite <a href=\"https:\/\/hotelisolaverde.com\/de\/zimmer\/\" target=\"_blank\">Zimmer<\/a> oder lesen Sie mehr \u00fcber unser <a href=\"https:\/\/hotelisolaverde.com\/de\/hotel-panoramico-lago-di-garda\/\" target=\"_blank\">Panoramahotel am Gardasee<\/a>.<\/div><\/div>\n    <\/div>\n\n    <div class=\"faq-item\">\n      <input class=\"faq-toggle\" type=\"checkbox\" id=\"de-c2\">\n      <label class=\"faq-q\" for=\"de-c2\">Haben die Zimmer einen Balkon?<span class=\"ico\"><\/span><\/label>\n      <div class=\"faq-body\"><div class=\"faq-body__inner\">Viele Zimmer des Hotels verf\u00fcgen \u00fcber einen privaten Balkon. Einige bieten einen <a href=\"https:\/\/hotelisolaverde.com\/de\/hotel-panoramico-lago-di-garda\/\" target=\"_blank\">Panoramablick auf den Gardasee<\/a>, andere blicken auf den Garten und die umliegende Landschaft.<\/div><\/div>\n    <\/div>\n  <\/section>\n\n  <!-- \u2500\u2500 Pool & Entspannung \u2500\u2500 -->\n  <section class=\"cat\">\n    <div class=\"cat__head\">\n      <div class=\"cat__icon\">\ud83c\udfca<\/div>\n      <h2 class=\"cat__name\">Pool &amp; Entspannung<\/h2>\n    <\/div>\n\n    <div class=\"faq-item\">\n      <input class=\"faq-toggle\" type=\"checkbox\" id=\"de-r1\">\n      <label class=\"faq-q\" for=\"de-r1\">Hat das Hotel einen Swimmingpool?<span class=\"ico\"><\/span><\/label>\n      <div class=\"faq-body\"><div class=\"faq-body__inner\">Ja. Das Hotel Isola Verde verf\u00fcgt \u00fcber einen <a href=\"https:\/\/hotelisolaverde.com\/de\/piscina-panoramica-lago-di-garda\/\" target=\"_blank\"><strong>Panorama-Au\u00dfenpool<\/strong><\/a> im Garten mit Blick auf den Gardasee.<\/div><\/div>\n    <\/div>\n\n    <div class=\"faq-item\">\n      <input class=\"faq-toggle\" type=\"checkbox\" id=\"de-r2\">\n      <label class=\"faq-q\" for=\"de-r2\">Gibt es einen Whirlpool?<span class=\"ico\"><\/span><\/label>\n      <div class=\"faq-body\"><div class=\"faq-body__inner\">Ja, ein <strong>Panorama-Whirlpool mit Seeblick<\/strong> steht zur Verf\u00fcgung. Die Nutzung kann direkt im Hotel gebucht werden. Das Zimmer <a href=\"https:\/\/hotelisolaverde.com\/de\/superior-mit-whirlpool-und-seeblick\/\" target=\"_blank\">Superior mit Whirlpool und Seeblick<\/a> verf\u00fcgt \u00fcber einen privaten Zimmer-Whirlpool.<\/div><\/div>\n    <\/div>\n\n    <div class=\"faq-item\">\n      <input class=\"faq-toggle\" type=\"checkbox\" id=\"de-r3\">\n      <label class=\"faq-q\" for=\"de-r3\">D\u00fcrfen Kinder den Pool nutzen?<span class=\"ico\"><\/span><\/label>\n      <div class=\"faq-body\"><div class=\"faq-body__inner\">Ja, Kinder d\u00fcrfen den Pool in Begleitung eines Elternteils oder Erziehungsberechtigten nutzen.<\/div><\/div>\n    <\/div>\n  <\/section>\n\n  <!-- \u2500\u2500 Sport & Radfahren \u2500\u2500 -->\n  <section class=\"cat\">\n    <div class=\"cat__head\">\n      <div class=\"cat__icon\">\ud83d\udeb4<\/div>\n      <h2 class=\"cat__name\">Sport &amp; Radfahren<\/h2>\n    <\/div>\n\n    <div class=\"faq-item\">\n      <input class=\"faq-toggle\" type=\"checkbox\" id=\"de-s1\">\n      <label class=\"faq-q\" for=\"de-s1\">Ist das Hotel f\u00fcr Radfahrer geeignet?<span class=\"ico\"><\/span><\/label>\n      <div class=\"faq-body\"><div class=\"faq-body__inner\">Ja. Torbole und der n\u00f6rdliche Gardasee geh\u00f6ren zu den beliebtesten Radsportzielen Europas f\u00fcr Stra\u00dfenradfahren und Mountainbiken. Das Hotel bietet <strong>sichere Fahrradabstellm\u00f6glichkeiten<\/strong> und eine ideale Ausgangslage f\u00fcr viele Routen. Entdecken Sie unsere <a href=\"https:\/\/hotelisolaverde.com\/de\/hotel-panoramico-lago-di-garda\/\" target=\"_blank\">Lage in Nago-Torbole<\/a> und die Entfernungen zu den wichtigsten Ausgangspunkten.<\/div><\/div>\n    <\/div>\n\n    <div class=\"faq-item\">\n      <input class=\"faq-toggle\" type=\"checkbox\" id=\"de-s2\">\n      <label class=\"faq-q\" for=\"de-s2\">Sind Radwege vom Hotel aus erreichbar?<span class=\"ico\"><\/span><\/label>\n      <div class=\"faq-body\"><div class=\"faq-body__inner\">Ja. Der Radweg, der Nago mit Torbole und Riva del Garda verbindet, ist in wenigen Minuten vom Hotel aus erreichbar. Bitte beachten Sie, dass zwischen dem Hotel und dem Radweg 500 m auf der Stra\u00dfe zur\u00fcckzulegen sind.<\/div><\/div>\n    <\/div>\n  <\/section>\n\n  <!-- \u2500\u2500 Dienstleistungen \u2500\u2500 -->\n  <section class=\"cat\">\n    <div class=\"cat__head\">\n      <div class=\"cat__icon\">\u2726<\/div>\n      <h2 class=\"cat__name\">Dienstleistungen<\/h2>\n    <\/div>\n\n    <div class=\"faq-item\">\n      <input class=\"faq-toggle\" type=\"checkbox\" id=\"de-sv1\">\n      <label class=\"faq-q\" for=\"de-sv1\">Hat das Hotel einen Parkplatz?<span class=\"ico\"><\/span><\/label>\n      <div class=\"faq-body\"><div class=\"faq-body__inner\">Ja, das Hotel stellt allen G\u00e4sten <strong>kostenlose private Parkpl\u00e4tze<\/strong> zur Verf\u00fcgung.<\/div><\/div>\n    <\/div>\n\n    <div class=\"faq-item\">\n      <input class=\"faq-toggle\" type=\"checkbox\" id=\"de-sv2\">\n      <label class=\"faq-q\" for=\"de-sv2\">Ist das Fr\u00fchst\u00fcck inbegriffen?<span class=\"ico\"><\/span><\/label>\n      <div class=\"faq-body\"><div class=\"faq-body__inner\">Ja, das Fr\u00fchst\u00fcck ist in den meisten Tarifen enthalten und wird im Fr\u00fchst\u00fccksraum mit Panoramablick serviert. Mehr dazu auf unserer Seite <a href=\"https:\/\/hotelisolaverde.com\/de\/fruehstueck\/\" target=\"_blank\">Fr\u00fchst\u00fcck<\/a>.<\/div><\/div>\n    <\/div>\n\n    <div class=\"faq-item\">\n      <input class=\"faq-toggle\" type=\"checkbox\" id=\"de-sv3\">\n      <label class=\"faq-q\" for=\"de-sv3\">Kann ich ein Kinderbett anfordern?<span class=\"ico\"><\/span><\/label>\n      <div class=\"faq-body\"><div class=\"faq-body__inner\">Ja, ein Kinderbett kann auf Anfrage bereitgestellt werden. Wir empfehlen, dies bei der Buchung anzugeben oder uns vor der Anreise zu kontaktieren.<\/div><\/div>\n    <\/div>\n  <\/section>\n\n  <!-- \u2500\u2500 CTA \u2500\u2500 -->\n  <div class=\"cta\">\n    <p class=\"cta__title\">Keine passende Antwort gefunden?<\/p>\n    <p class=\"cta__sub\">Unser Team beantwortet gerne alle Fragen zu Ihrem Aufenthalt.<\/p>\n    <a href=\"https:\/\/hotelisolaverde.com\/de\/unverbindliche-anfrage\/\" class=\"btn btn-primary\">Kontakt aufnehmen<\/a>\n    <a href=\"https:\/\/hotelisolaverde.bookpage.io\/de\" class=\"btn btn-ghost\">Jetzt buchen<\/a>\n  <\/div>\n\n<\/main><\/div><\/div><\/div><\/div><\/div><\/div><\/section>\n","protected":false},"excerpt":{"rendered":"Hotel Isola Verde \u00b7 Torbole \u00b7 Gardasee H\u00e4ufig gestellte Fragen Alles, was Sie vor Ihrem Aufenthalt bei uns wissen m\u00f6chten. \ud83d\udccd Lage &amp; Panorama Hat das Hotel Isola Verde einen Blick auf den Gardasee? Ja. Das Hotel Isola Verde befindet sich in einer Panoramalage oberhalb von Torbole und viele Zimmer bieten einen Balkon mit Blick...","protected":false},"author":2,"featured_media":0,"parent":0,"menu_order":0,"comment_status":"closed","ping_status":"closed","template":"","meta":{"_acf_changed":false,"inline_featured_image":false,"_joinchat":[],"footnotes":""},"class_list":["post-5355","page","type-page","status-publish","hentry"],"acf":[],"yoast_head":"<!-- This site is optimized with the Yoast SEO plugin v25.4 - https:\/\/yoast.com\/wordpress\/plugins\/seo\/ -->\n<title>FAQ Hotel Isola Verde - Hotel Isola Verde<\/title>\n<meta name=\"robots\" content=\"index, follow, max-snippet:-1, max-image-preview:large, max-video-preview:-1\" \/>\n<link rel=\"canonical\" href=\"https:\/\/hotelisolaverde.com\/faq-hotel-isola-verde\/\" \/>\n<meta property=\"og:locale\" content=\"de_DE\" \/>\n<meta property=\"og:type\" content=\"article\" \/>\n<meta property=\"og:title\" content=\"FAQ Hotel Isola Verde - Hotel Isola Verde\" \/>\n<meta property=\"og:url\" content=\"https:\/\/hotelisolaverde.com\/faq-hotel-isola-verde\/\" \/>\n<meta property=\"og:site_name\" content=\"Hotel Isola Verde\" \/>\n<meta property=\"article:modified_time\" content=\"2026-03-14T16:20:13+00:00\" \/>\n<meta name=\"twitter:card\" content=\"summary_large_image\" \/>\n<meta name=\"twitter:label1\" content=\"Gesch\u00e4tzte Lesezeit\" \/>\n\t<meta name=\"twitter:data1\" content=\"7\u00a0Minuten\" \/>\n<script type=\"application\/ld+json\" class=\"yoast-schema-graph\">{\"@context\":\"https:\/\/schema.org\",\"@graph\":[{\"@type\":\"WebPage\",\"@id\":\"https:\/\/hotelisolaverde.com\/faq-hotel-isola-verde\/\",\"url\":\"https:\/\/hotelisolaverde.com\/faq-hotel-isola-verde\/\",\"name\":\"FAQ Hotel Isola Verde - Hotel Isola Verde\",\"isPartOf\":{\"@id\":\"https:\/\/hotelisolaverde.com\/#website\"},\"datePublished\":\"2026-03-14T16:17:43+00:00\",\"dateModified\":\"2026-03-14T16:20:13+00:00\",\"breadcrumb\":{\"@id\":\"https:\/\/hotelisolaverde.com\/faq-hotel-isola-verde\/#breadcrumb\"},\"inLanguage\":\"de\",\"potentialAction\":[{\"@type\":\"ReadAction\",\"target\":[\"https:\/\/hotelisolaverde.com\/faq-hotel-isola-verde\/\"]}]},{\"@type\":\"BreadcrumbList\",\"@id\":\"https:\/\/hotelisolaverde.com\/faq-hotel-isola-verde\/#breadcrumb\",\"itemListElement\":[{\"@type\":\"ListItem\",\"position\":1,\"name\":\"Home\",\"item\":\"https:\/\/hotelisolaverde.com\/\"},{\"@type\":\"ListItem\",\"position\":2,\"name\":\"FAQ Hotel Isola Verde\"}]},{\"@type\":\"WebSite\",\"@id\":\"https:\/\/hotelisolaverde.com\/#website\",\"url\":\"https:\/\/hotelisolaverde.com\/\",\"name\":\"Hotel Isola Verde\",\"description\":\"Hotel Isola Verde\",\"potentialAction\":[{\"@type\":\"SearchAction\",\"target\":{\"@type\":\"EntryPoint\",\"urlTemplate\":\"https:\/\/hotelisolaverde.com\/?s={search_term_string}\"},\"query-input\":{\"@type\":\"PropertyValueSpecification\",\"valueRequired\":true,\"valueName\":\"search_term_string\"}}],\"inLanguage\":\"de\"}]}<\/script>\n<!-- \/ Yoast SEO plugin. -->","yoast_head_json":{"title":"FAQ Hotel Isola Verde - Hotel Isola Verde","robots":{"index":"index","follow":"follow","max-snippet":"max-snippet:-1","max-image-preview":"max-image-preview:large","max-video-preview":"max-video-preview:-1"},"canonical":"https:\/\/hotelisolaverde.com\/faq-hotel-isola-verde\/","og_locale":"de_DE","og_type":"article","og_title":"FAQ Hotel Isola Verde - Hotel Isola Verde","og_url":"https:\/\/hotelisolaverde.com\/faq-hotel-isola-verde\/","og_site_name":"Hotel Isola Verde","article_modified_time":"2026-03-14T16:20:13+00:00","twitter_card":"summary_large_image","twitter_misc":{"Gesch\u00e4tzte Lesezeit":"7\u00a0Minuten"},"schema":{"@context":"https:\/\/schema.org","@graph":[{"@type":"WebPage","@id":"https:\/\/hotelisolaverde.com\/faq-hotel-isola-verde\/","url":"https:\/\/hotelisolaverde.com\/faq-hotel-isola-verde\/","name":"FAQ Hotel Isola Verde - Hotel Isola Verde","isPartOf":{"@id":"https:\/\/hotelisolaverde.com\/#website"},"datePublished":"2026-03-14T16:17:43+00:00","dateModified":"2026-03-14T16:20:13+00:00","breadcrumb":{"@id":"https:\/\/hotelisolaverde.com\/faq-hotel-isola-verde\/#breadcrumb"},"inLanguage":"de","potentialAction":[{"@type":"ReadAction","target":["https:\/\/hotelisolaverde.com\/faq-hotel-isola-verde\/"]}]},{"@type":"BreadcrumbList","@id":"https:\/\/hotelisolaverde.com\/faq-hotel-isola-verde\/#breadcrumb","itemListElement":[{"@type":"ListItem","position":1,"name":"Home","item":"https:\/\/hotelisolaverde.com\/"},{"@type":"ListItem","position":2,"name":"FAQ Hotel Isola Verde"}]},{"@type":"WebSite","@id":"https:\/\/hotelisolaverde.com\/#website","url":"https:\/\/hotelisolaverde.com\/","name":"Hotel Isola Verde","description":"Hotel Isola Verde","potentialAction":[{"@type":"SearchAction","target":{"@type":"EntryPoint","urlTemplate":"https:\/\/hotelisolaverde.com\/?s={search_term_string}"},"query-input":{"@type":"PropertyValueSpecification","valueRequired":true,"valueName":"search_term_string"}}],"inLanguage":"de"}]}},"_links":{"self":[{"href":"https:\/\/hotelisolaverde.com\/de\/wp-json\/wp\/v2\/pages\/5355","targetHints":{"allow":["GET"]}}],"collection":[{"href":"https:\/\/hotelisolaverde.com\/de\/wp-json\/wp\/v2\/pages"}],"about":[{"href":"https:\/\/hotelisolaverde.com\/de\/wp-json\/wp\/v2\/types\/page"}],"author":[{"embeddable":true,"href":"https:\/\/hotelisolaverde.com\/de\/wp-json\/wp\/v2\/users\/2"}],"replies":[{"embeddable":true,"href":"https:\/\/hotelisolaverde.com\/de\/wp-json\/wp\/v2\/comments?post=5355"}],"version-history":[{"count":4,"href":"https:\/\/hotelisolaverde.com\/de\/wp-json\/wp\/v2\/pages\/5355\/revisions"}],"predecessor-version":[{"id":5359,"href":"https:\/\/hotelisolaverde.com\/de\/wp-json\/wp\/v2\/pages\/5355\/revisions\/5359"}],"wp:attachment":[{"href":"https:\/\/hotelisolaverde.com\/de\/wp-json\/wp\/v2\/media?parent=5355"}],"curies":[{"name":"wp","href":"https:\/\/api.w.org\/{rel}","templated":true}]}}