{"id":685,"date":"2020-12-18T14:50:42","date_gmt":"2020-12-18T13:50:42","guid":{"rendered":"https:\/\/hotelisolaverde.com\/services\/"},"modified":"2026-04-04T16:39:20","modified_gmt":"2026-04-04T14:39:20","slug":"dienstleistungen","status":"publish","type":"page","link":"https:\/\/hotelisolaverde.com\/de\/dienstleistungen\/","title":{"rendered":"Unsere Dienstleistungen"},"content":{"rendered":"<section class=\"l-section wpb_row us_custom_4f2166d9 height_medium\"><div class=\"l-section-h i-cf\"><div class=\"g-cols vc_row via_flex valign_top type_default stacking_default\"><div class=\"vc_col-sm-12 wpb_column vc_column_container\"><div class=\"vc_column-inner\"><div class=\"wpb_wrapper\"><div class=\"w-html\"><div class=\"page-servizi\">\r\n  <div class=\"servizi-hero-inner\">\r\n    <span class=\"tag\">Hotel Isola Verde<\/span>\r\n    <h1>Hoteldienstleistungen<\/h1>\r\n    <div class=\"servizi-hero-line\"><\/div><br>    <h2>Entdecken Sie alle Dienstleistungen zu Ihrer Verf\u00fcgung<\/h2><br>  <\/div><br><\/div><\/div><\/div><\/div><\/div><\/div><\/div><\/section><section class=\"l-section wpb_row height_medium\"><div class=\"l-section-h i-cf\"><div class=\"g-cols vc_row via_flex valign_top type_default stacking_default\"><div class=\"vc_col-sm-12 wpb_column vc_column_container stretched\"><div class=\"vc_column-inner\"><div class=\"wpb_wrapper\"><div class=\"w-html\"><!-- \u2550\u2550\u2550\u2550\u2550\u2550\u2550\u2550\u2550\u2550\u2550\u2550\u2550\u2550\u2550\u2550\u2550\u2550\u2550\u2550\u2550\u2550\u2550\u2550\u2550\u2550\u2550\u2550\u2550\u2550\u2550\u2550\u2550\u2550\u2550\u2550\u2550\u2550\n     HOTEL ISOLA VERDE \u2014 Unsere Leistungen\n     VOLLST\u00c4NDIGES HTML: typografischer Hero + Inhalt\n     In den WordPress-Editor einf\u00fcgen\n     (ersetzt den gesamten Seiteninhalt)\n\u2550\u2550\u2550\u2550\u2550\u2550\u2550\u2550\u2550\u2550\u2550\u2550\u2550\u2550\u2550\u2550\u2550\u2550\u2550\u2550\u2550\u2550\u2550\u2550\u2550\u2550\u2550\u2550\u2550\u2550\u2550\u2550\u2550\u2550\u2550\u2550\u2550\u2550 -->\n\n<div class=\"page-servizi\">\n\n  <!-- RASTER 6 HAUPTLEISTUNGEN -->\n  <section class=\"servizi-grid-section\">\n    <div class=\"servizi-grid\">\n\n      <!-- Panoramaterrasse -->\n      <div class=\"servizi-card\">\n        <div class=\"servizi-card-image\">\n          <img decoding=\"async\" src=\"https:\/\/hotelisolaverde.com\/wp-content\/uploads\/2024\/11\/TERRAZZA-modificata-1920x1080.jpg\" alt=\"Panoramaterrasse Hotel Isola Verde\">\n        <\/div>\n        <div class=\"servizi-card-body\">\n          <div class=\"servizi-card-icon\">\ud83c\udf05<\/div>\n          <h3>Panoramaterrasse<\/h3>\n          <p>Genie\u00dfen Sie den sch\u00f6nsten Blick auf den Gardasee \u2014 machen Sie ein Foto, Sie werden es nicht bereuen!<\/p>\n        <\/div>\n      <\/div>\n\n     <!-- Poolbereich -->\n<div class=\"servizi-card\">\n  <div class=\"servizi-card-image\">\n    <img decoding=\"async\" src=\"https:\/\/hotelisolaverde.com\/wp-content\/uploads\/2026\/02\/piscina-con-comparse-2-scaled.jpg\" alt=\"Panorama-Pool mit Blick auf den Gardasee, Hotel Isola Verde\">\n  <\/div>\n  <div class=\"servizi-card-body\">\n    <div class=\"servizi-card-icon\">\ud83c\udfca<\/div>\n    <h3>Ausgestatteter Poolbereich<\/h3>\n    <p>Ein Bad zwischen jahrhundertealten Olivenb\u00e4umen mit Blick auf den Gardasee. Unser Panorama-Pool liegt eingebettet im Hotelgarten, mit Liegest\u00fchlen, Pavillon und einem offenen Seeblick, der nie langweilig wird.<\/p>\n    <a href=\"https:\/\/hotelisolaverde.com\/de\/piscina-panoramica-lago-di-garda\/\" class=\"servizi-card-link\">Den Panorama-Pool entdecken \u2192<\/a>\n  <\/div>\n<\/div>\n      <!-- Jacuzzi -->\n      <div class=\"servizi-card\">\n        <div class=\"servizi-card-image\">\n          <img decoding=\"async\" src=\"https:\/\/hotelisolaverde.com\/wp-content\/uploads\/2025\/05\/DSCF2112-2024-06-25T15_10_09.054-1920x1080.jpg\" alt=\"Privater Whirlpool Hotel Isola Verde\">\n          <span class=\"servizi-badge\">Nur im Sommer<\/span>\n        <\/div>\n        <div class=\"servizi-card-body\">\n          <div class=\"servizi-card-icon\">\u2668\ufe0f<\/div>\n          <h3>Privater Whirlpool<\/h3>\n          <p>Reservieren Sie unseren beheizten Whirlpool so lange Sie m\u00f6chten. Entspannen Sie in totaler Ruhe, mitten in unserem Olivenhain.<\/p>\n          <a href=\"https:\/\/hotelisolaverde.com\/de\/whirlpool\/\" class=\"servizi-card-link\">Mehr erfahren \u2192<\/a>\n        <\/div>\n      <\/div>\n\n      <!-- Bar und Pizzeria -->\n      <div class=\"servizi-card\">\n        <div class=\"servizi-card-image\">\n          <img decoding=\"async\" src=\"https:\/\/hotelisolaverde.com\/wp-content\/uploads\/2026\/03\/pizza-lake-view.png\" alt=\"Bar und Pizzeria Hotel Isola Verde\">\n          <span class=\"servizi-badge\">Nur im Sommer<\/span>\n        <\/div>\n        <div class=\"servizi-card-body\">\n          <div class=\"servizi-card-icon\">\ud83c\udf55<\/div>\n          <h3>Bar und Pizzeria<\/h3>\n          <p>Genie\u00dfen Sie einen Drink oder eine fantastische Pizza mit dem sch\u00f6nsten Blick auf den Gardasee. Versprochen \u2014 es ist unbezahlbar!<\/p>\n          <a href=\"https:\/\/hotelisolaverde.com\/de\/pizzaview\/\" class=\"servizi-card-link\">Mehr erfahren \u2192<\/a>\n        <\/div>\n      <\/div>\n\n      <!-- Spielzimmer -->\n      <div class=\"servizi-card\">\n        <div class=\"servizi-card-image\">\n          <img decoding=\"async\" src=\"https:\/\/hotelisolaverde.com\/wp-content\/uploads\/2024\/12\/5ab3728f-facc-40a2-8e54-09b25c2cee11-1920x1080.jpg\" alt=\"Spielzimmer Hotel Isola Verde\">\n          <span class=\"servizi-badge\">Nur im Sommer<\/span>\n        <\/div>\n        <div class=\"servizi-card-body\">\n          <div class=\"servizi-card-icon\">\ud83c\udfae<\/div>\n          <h3>Spielzimmer<\/h3>\n          <p>Air-Hockey, Billard, Tischtennis, Tischfu\u00dfball und ein Arcade-Automat mit allen Klassikern! F\u00fcr Familien und Paare.<\/p>\n        <\/div>\n      <\/div>\n\n      <!-- Garda Guest Card -->\n      <div class=\"servizi-card\">\n        <div class=\"servizi-card-image\">\n          <img decoding=\"async\" src=\"https:\/\/hotelisolaverde.com\/wp-content\/uploads\/2025\/06\/Progetto-senza-titolo-1.png\" alt=\"Garda Guest Card Hotel Isola Verde\">\n          <span class=\"servizi-badge servizi-badge--free\">Kostenlos<\/span>\n        <\/div>\n        <div class=\"servizi-card-body\">\n          <div class=\"servizi-card-icon\">\ud83c\udf9f\ufe0f<\/div>\n          <h3>Garda Guest Card<\/h3>\n          <p>Kostenlos f\u00fcr alle unsere G\u00e4ste: die virtuelle Karte mit zahlreichen Rabatten und kostenlosen Aktivit\u00e4ten in der Region.<\/p>\n          <a href=\"https:\/\/hotelisolaverde.com\/de\/garda-guest-card\/\" class=\"servizi-card-link\">Mehr erfahren \u2192<\/a>\n        <\/div>\n      <\/div>\n\n    <\/div>\n  <\/section>\n\n  <!-- WEITERE LEISTUNGEN \u2014 dunkler Streifen -->\n  <section class=\"servizi-altri-section\">\n    <div class=\"servizi-altri-inner\">\n      <span class=\"tag\">Im Aufenthalt enthalten<\/span>\n      <h2>Weitere Leistungen<\/h2>\n      <div class=\"servizi-altri-grid\">\n        <ul>\n          <li>\ud83d\udeb2 Fahrrad- und Windsurfunterstand<\/li>\n          <li>\ud83d\ude97 Auto- &amp; Motorradparkplatz<\/li>\n          <li>\ud83d\uded7 Aufzug<\/li>\n          <li>\ud83e\uddf3 Gep\u00e4ckaufbewahrung<\/li>\n          <li>\ud83d\udcf6 WLAN-Internet<\/li>\n        <\/ul>\n        <ul>\n          <li>\ud83d\udeb4 Rabatte auf Fahrradverleih<\/li>\n          <li>\ud83e\udd50 Buffetfr\u00fchst\u00fcck<\/li>\n          <li>\ud83c\udf81 Rabatte auf Aktivit\u00e4ten<\/li>\n        <\/ul>\n      <\/div>\n    <\/div>\n  <\/section>\n\n  <!-- ABSCHLIESSENDER CTA -->\n  <section class=\"servizi-cta-section\">\n    <span class=\"tag\">Saisoner\u00f6ffnung 30. M\u00e4rz 2026<\/span>\n    <h2>Buchen Sie Ihren Aufenthalt<\/h2>\n    <p>Alle Leistungen inklusive, Seeblick und ein authentisches Erlebnis am Gardasee.<\/p>\n    <a href=\"https:\/\/hotelisolaverde.bookpage.io\/de\" class=\"servizi-cta-button\">Verf\u00fcgbarkeit pr\u00fcfen<\/a>\n    <p class=\"servizi-cta-sub\">Bestpreisgarantie auf der offiziellen Website<\/p>\n  <\/section>\n\n<\/div><!-- \/page-servizi --><\/div><\/div><\/div><\/div><\/div><\/div><\/section>\n","protected":false},"excerpt":{"rendered":"Hotel Isola Verde Hoteldienstleistungen Entdecken Sie alle Dienstleistungen zu Ihrer Verf\u00fcgung \ud83c\udf05 Panoramaterrasse Genie\u00dfen Sie den sch\u00f6nsten Blick auf den Gardasee \u2014 machen Sie ein Foto, Sie werden es nicht bereuen! \ud83c\udfca Ausgestatteter Poolbereich Ein Bad zwischen jahrhundertealten Olivenb\u00e4umen mit Blick auf den Gardasee. Unser Panorama-Pool liegt eingebettet im Hotelgarten, mit Liegest\u00fchlen, Pavillon und einem...","protected":false},"author":1,"featured_media":0,"parent":0,"menu_order":0,"comment_status":"closed","ping_status":"closed","template":"","meta":{"_acf_changed":false,"inline_featured_image":false,"_joinchat":[],"footnotes":""},"class_list":["post-685","page","type-page","status-publish","hentry"],"acf":[],"yoast_head":"<!-- This site is optimized with the Yoast SEO plugin v25.4 - https:\/\/yoast.com\/wordpress\/plugins\/seo\/ -->\n<title>Unsere Dienstleistungen - Hotel Isola Verde<\/title>\n<meta name=\"description\" content=\"Entdecken Sie alle Serviceleistungen des Hotels Isola Verde am Gardasee: Swimmingpool inmitten von Olivenb\u00e4umen, Panoramaterrasse, privater Whirlpool, Sommerbar und Pizzeria, Spielzimmer, Garda Guest Card, Parkplatz und WLAN.\" \/>\n<meta name=\"robots\" content=\"index, follow, max-snippet:-1, max-image-preview:large, max-video-preview:-1\" \/>\n<link rel=\"canonical\" href=\"https:\/\/hotelisolaverde.com\/i-nostri-servizi\/\" \/>\n<meta property=\"og:locale\" content=\"de_DE\" \/>\n<meta property=\"og:type\" content=\"article\" \/>\n<meta property=\"og:title\" content=\"Unsere Dienstleistungen - Hotel Isola Verde\" \/>\n<meta property=\"og:description\" content=\"Entdecken Sie alle Serviceleistungen des Hotels Isola Verde am Gardasee: Swimmingpool inmitten von Olivenb\u00e4umen, Panoramaterrasse, privater Whirlpool, Sommerbar und Pizzeria, Spielzimmer, Garda Guest Card, Parkplatz und WLAN.\" \/>\n<meta property=\"og:url\" content=\"https:\/\/hotelisolaverde.com\/i-nostri-servizi\/\" \/>\n<meta property=\"og:site_name\" content=\"Hotel Isola Verde\" \/>\n<meta property=\"article:modified_time\" content=\"2026-04-04T14:39:20+00:00\" \/>\n<meta name=\"twitter:card\" content=\"summary_large_image\" \/>\n<meta name=\"twitter:label1\" content=\"Gesch\u00e4tzte Lesezeit\" \/>\n\t<meta name=\"twitter:data1\" content=\"2\u00a0Minuten\" \/>\n<script type=\"application\/ld+json\" class=\"yoast-schema-graph\">{\"@context\":\"https:\/\/schema.org\",\"@graph\":[{\"@type\":\"WebPage\",\"@id\":\"https:\/\/hotelisolaverde.com\/i-nostri-servizi\/\",\"url\":\"https:\/\/hotelisolaverde.com\/i-nostri-servizi\/\",\"name\":\"Unsere Dienstleistungen - Hotel Isola Verde\",\"isPartOf\":{\"@id\":\"https:\/\/hotelisolaverde.com\/#website\"},\"datePublished\":\"2020-12-18T13:50:42+00:00\",\"dateModified\":\"2026-04-04T14:39:20+00:00\",\"description\":\"Entdecken Sie alle Serviceleistungen des Hotels Isola Verde am Gardasee: Swimmingpool inmitten von Olivenb\u00e4umen, Panoramaterrasse, privater Whirlpool, Sommerbar und Pizzeria, Spielzimmer, Garda Guest Card, Parkplatz und WLAN.\",\"breadcrumb\":{\"@id\":\"https:\/\/hotelisolaverde.com\/i-nostri-servizi\/#breadcrumb\"},\"inLanguage\":\"de\",\"potentialAction\":[{\"@type\":\"ReadAction\",\"target\":[\"https:\/\/hotelisolaverde.com\/i-nostri-servizi\/\"]}]},{\"@type\":\"BreadcrumbList\",\"@id\":\"https:\/\/hotelisolaverde.com\/i-nostri-servizi\/#breadcrumb\",\"itemListElement\":[{\"@type\":\"ListItem\",\"position\":1,\"name\":\"Home\",\"item\":\"https:\/\/hotelisolaverde.com\/\"},{\"@type\":\"ListItem\",\"position\":2,\"name\":\"Unsere Dienstleistungen\"}]},{\"@type\":\"WebSite\",\"@id\":\"https:\/\/hotelisolaverde.com\/#website\",\"url\":\"https:\/\/hotelisolaverde.com\/\",\"name\":\"Hotel Isola Verde\",\"description\":\"Hotel Isola Verde\",\"potentialAction\":[{\"@type\":\"SearchAction\",\"target\":{\"@type\":\"EntryPoint\",\"urlTemplate\":\"https:\/\/hotelisolaverde.com\/?s={search_term_string}\"},\"query-input\":{\"@type\":\"PropertyValueSpecification\",\"valueRequired\":true,\"valueName\":\"search_term_string\"}}],\"inLanguage\":\"de\"}]}<\/script>\n<!-- \/ Yoast SEO plugin. -->","yoast_head_json":{"title":"Unsere Dienstleistungen - Hotel Isola Verde","description":"Entdecken Sie alle Serviceleistungen des Hotels Isola Verde am Gardasee: Swimmingpool inmitten von Olivenb\u00e4umen, Panoramaterrasse, privater Whirlpool, Sommerbar und Pizzeria, Spielzimmer, Garda Guest Card, Parkplatz und WLAN.","robots":{"index":"index","follow":"follow","max-snippet":"max-snippet:-1","max-image-preview":"max-image-preview:large","max-video-preview":"max-video-preview:-1"},"canonical":"https:\/\/hotelisolaverde.com\/i-nostri-servizi\/","og_locale":"de_DE","og_type":"article","og_title":"Unsere Dienstleistungen - Hotel Isola Verde","og_description":"Entdecken Sie alle Serviceleistungen des Hotels Isola Verde am Gardasee: Swimmingpool inmitten von Olivenb\u00e4umen, Panoramaterrasse, privater Whirlpool, Sommerbar und Pizzeria, Spielzimmer, Garda Guest Card, Parkplatz und WLAN.","og_url":"https:\/\/hotelisolaverde.com\/i-nostri-servizi\/","og_site_name":"Hotel Isola Verde","article_modified_time":"2026-04-04T14:39:20+00:00","twitter_card":"summary_large_image","twitter_misc":{"Gesch\u00e4tzte Lesezeit":"2\u00a0Minuten"},"schema":{"@context":"https:\/\/schema.org","@graph":[{"@type":"WebPage","@id":"https:\/\/hotelisolaverde.com\/i-nostri-servizi\/","url":"https:\/\/hotelisolaverde.com\/i-nostri-servizi\/","name":"Unsere Dienstleistungen - Hotel Isola Verde","isPartOf":{"@id":"https:\/\/hotelisolaverde.com\/#website"},"datePublished":"2020-12-18T13:50:42+00:00","dateModified":"2026-04-04T14:39:20+00:00","description":"Entdecken Sie alle Serviceleistungen des Hotels Isola Verde am Gardasee: Swimmingpool inmitten von Olivenb\u00e4umen, Panoramaterrasse, privater Whirlpool, Sommerbar und Pizzeria, Spielzimmer, Garda Guest Card, Parkplatz und WLAN.","breadcrumb":{"@id":"https:\/\/hotelisolaverde.com\/i-nostri-servizi\/#breadcrumb"},"inLanguage":"de","potentialAction":[{"@type":"ReadAction","target":["https:\/\/hotelisolaverde.com\/i-nostri-servizi\/"]}]},{"@type":"BreadcrumbList","@id":"https:\/\/hotelisolaverde.com\/i-nostri-servizi\/#breadcrumb","itemListElement":[{"@type":"ListItem","position":1,"name":"Home","item":"https:\/\/hotelisolaverde.com\/"},{"@type":"ListItem","position":2,"name":"Unsere Dienstleistungen"}]},{"@type":"WebSite","@id":"https:\/\/hotelisolaverde.com\/#website","url":"https:\/\/hotelisolaverde.com\/","name":"Hotel Isola Verde","description":"Hotel Isola Verde","potentialAction":[{"@type":"SearchAction","target":{"@type":"EntryPoint","urlTemplate":"https:\/\/hotelisolaverde.com\/?s={search_term_string}"},"query-input":{"@type":"PropertyValueSpecification","valueRequired":true,"valueName":"search_term_string"}}],"inLanguage":"de"}]}},"_links":{"self":[{"href":"https:\/\/hotelisolaverde.com\/de\/wp-json\/wp\/v2\/pages\/685","targetHints":{"allow":["GET"]}}],"collection":[{"href":"https:\/\/hotelisolaverde.com\/de\/wp-json\/wp\/v2\/pages"}],"about":[{"href":"https:\/\/hotelisolaverde.com\/de\/wp-json\/wp\/v2\/types\/page"}],"author":[{"embeddable":true,"href":"https:\/\/hotelisolaverde.com\/de\/wp-json\/wp\/v2\/users\/1"}],"replies":[{"embeddable":true,"href":"https:\/\/hotelisolaverde.com\/de\/wp-json\/wp\/v2\/comments?post=685"}],"version-history":[{"count":38,"href":"https:\/\/hotelisolaverde.com\/de\/wp-json\/wp\/v2\/pages\/685\/revisions"}],"predecessor-version":[{"id":5491,"href":"https:\/\/hotelisolaverde.com\/de\/wp-json\/wp\/v2\/pages\/685\/revisions\/5491"}],"wp:attachment":[{"href":"https:\/\/hotelisolaverde.com\/de\/wp-json\/wp\/v2\/media?parent=685"}],"curies":[{"name":"wp","href":"https:\/\/api.w.org\/{rel}","templated":true}]}}